{"id":1067,"date":"2025-04-24T10:11:07","date_gmt":"2025-04-24T13:11:07","guid":{"rendered":"https:\/\/seja-ead.com.br\/?page_id=1067"},"modified":"2025-04-24T10:28:16","modified_gmt":"2025-04-24T13:28:16","slug":"saiba-mais-concursos-publicos","status":"publish","type":"page","link":"https:\/\/seja-ead.com.br\/index.php\/saiba-mais-concursos-publicos\/","title":{"rendered":"Saiba Mais &#8211; Concursos P\u00fablicos \/ ENCCEJA"},"content":{"rendered":"\n<h4 class=\"wp-block-heading has-text-align-center has-black-color has-text-color has-link-color wp-elements-f8636083cf09269646b47e871472618f\" style=\"font-size:20px\">Cursos Preparat\u00f3rios CONCURSOS P\u00daBLICO e ENCCEJA<\/h4>\n\n\n\n<div style=\"height:30px\" aria-hidden=\"true\" class=\"wp-block-spacer\"><\/div>\n\n\n\n<hr class=\"wp-block-separator has-alpha-channel-opacity\"\/>\n\n\n\n<div style=\"height:30px\" aria-hidden=\"true\" class=\"wp-block-spacer\"><\/div>\n\n\n\n<p class=\"has-text-align-center has-black-color has-text-color has-link-color wp-elements-0464293d7e98967e731bd92e6111d0e7\" style=\"font-size:20px\"><strong>Pensando em seu futuro com estabilidade de emprego, ou deseja concluir seus estudos por meio de uma prova \u00fanica, nos do SEJA-EAD temos a solu\u00e7\u00e3o.<\/strong><\/p>\n\n\n\n<div style=\"height:25px\" aria-hidden=\"true\" class=\"wp-block-spacer\"><\/div>\n\n\n\n<p class=\"has-text-align-center has-black-color has-text-color has-link-color wp-elements-dd9a4da480be0ca83b4db438b5b1c089\" style=\"font-size:20px\"><strong>Ofertamos &#8220;Cursos Preparat\u00f3rio para Concursos P\u00fablicos&#8221;, em acordo com cada edital proposto pelo governo estadual e\/ou federal, ofertando a grade curricular que atender\u00e1 sua expectativa e sua realidade com seguran\u00e7a, focado em seu objetivo e resultado de aprova\u00e7\u00e3o, venha voc\u00ea tamb\u00e9m para o SEJA-EaD<\/strong><\/p>\n\n\n\n<div style=\"height:30px\" aria-hidden=\"true\" class=\"wp-block-spacer\"><\/div>\n\n\n\n<hr class=\"wp-block-separator has-alpha-channel-opacity\"\/>\n\n\n\n<div style=\"height:45px\" aria-hidden=\"true\" class=\"wp-block-spacer\"><\/div>\n\n\n<div class=\"wp-block-image is-style-default\">\n<figure class=\"aligncenter size-full is-resized\"><img loading=\"lazy\" decoding=\"async\" width=\"750\" height=\"430\" src=\"https:\/\/seja-ead.com.br\/wp-content\/uploads\/2025\/04\/Concursos.png\" alt=\"\" class=\"wp-image-305\" style=\"width:550px\" srcset=\"https:\/\/seja-ead.com.br\/wp-content\/uploads\/2025\/04\/Concursos.png 750w, https:\/\/seja-ead.com.br\/wp-content\/uploads\/2025\/04\/Concursos-300x172.png 300w\" sizes=\"auto, (max-width: 750px) 100vw, 750px\" \/><\/figure>\n<\/div>\n\n\n<div style=\"height:45px\" aria-hidden=\"true\" class=\"wp-block-spacer\"><\/div>\n\n\n\n<hr class=\"wp-block-separator has-alpha-channel-opacity\"\/>\n\n\n\n<div style=\"height:30px\" aria-hidden=\"true\" class=\"wp-block-spacer\"><\/div>\n\n\n\n<h3 class=\"wp-block-heading has-text-align-center has-black-color has-text-color has-link-color wp-elements-3c76ce2c72643bbf1fa2281fcce5a31c\" style=\"font-size:20px\">ENCCEJA<\/h3>\n\n\n\n<div style=\"height:30px\" aria-hidden=\"true\" class=\"wp-block-spacer\"><\/div>\n\n\n\n<hr class=\"wp-block-separator has-alpha-channel-opacity\"\/>\n\n\n\n<div style=\"height:45px\" aria-hidden=\"true\" class=\"wp-block-spacer\"><\/div>\n\n\n\n<div class=\"wp-block-media-text is-stacked-on-mobile\" style=\"grid-template-columns:37% auto\"><figure class=\"wp-block-media-text__media\"><img loading=\"lazy\" decoding=\"async\" width=\"800\" height=\"450\" src=\"http:\/\/seja-ead.com.br\/wp-content\/uploads\/2025\/04\/ENCCEJA.jpg\" alt=\"\" class=\"wp-image-299 size-full\" srcset=\"https:\/\/seja-ead.com.br\/wp-content\/uploads\/2025\/04\/ENCCEJA.jpg 800w, https:\/\/seja-ead.com.br\/wp-content\/uploads\/2025\/04\/ENCCEJA-300x169.jpg 300w, https:\/\/seja-ead.com.br\/wp-content\/uploads\/2025\/04\/ENCCEJA-768x432.jpg 768w\" sizes=\"auto, (max-width: 800px) 100vw, 800px\" \/><\/figure><div class=\"wp-block-media-text__content\">\n<p class=\"has-white-color has-text-color has-background has-link-color wp-elements-fdc19330878bf94a7402832fc014a983\" style=\"background-color:#ff4700;font-size:20px\"><strong>Voc\u00ea\u00a0 procura ter o CERTIFICADO de CONCLUS\u00c3O do Ensino Fundamental e M\u00e9dio em uma \u00fanica Prova, o caminho mais seguro \u00e9 a PROVA do ENNCEJA.<\/strong><\/p>\n\n\n\n<p class=\"has-white-color has-text-color has-background has-link-color wp-elements-4cf1e0f78b38750cc01f8bf72395757d\" style=\"background-color:#ff4700;font-size:20px\"><strong>Trata-se de uma prova realizada pelo MEC\/INEP gerenciada pelo Governo Federal, que garante a possibilidade de CERTIFICA\u00c7\u00c3O do ENSINO FUNDAMENTAL e\/ou M\u00c8DIO.<\/strong><\/p>\n<\/div><\/div>\n\n\n\n<div style=\"height:45px\" aria-hidden=\"true\" class=\"wp-block-spacer\"><\/div>\n\n\n\n<hr class=\"wp-block-separator has-alpha-channel-opacity\"\/>\n\n\n\n<div style=\"height:30px\" aria-hidden=\"true\" class=\"wp-block-spacer\"><\/div>\n\n\n\n<h4 class=\"wp-block-heading has-text-align-center has-black-color has-text-color has-link-color wp-elements-209bf9a976a091a93085f7ad11eba094\" style=\"font-size:20px\">Qual a diferen\u00e7a do EJA-EaD e do ENCCEJA<\/h4>\n\n\n\n<div style=\"height:25px\" aria-hidden=\"true\" class=\"wp-block-spacer\"><\/div>\n\n\n\n<p class=\"has-text-align-center has-black-color has-text-color has-link-color wp-elements-b2366f9ccbdf2c33fb40b8f97f63ffda\" style=\"font-size:20px\"><strong>O EJA-EaD s\u00e3o escolas credenciadas pela Secretaria de Educa\u00e7\u00e3o e convalidada pelo Conselho de Educa\u00e7\u00e3o a propor &#8220;Aulas Presenciais e Aulas EaD, sendo autorizados a aplicar as Provas e quando da conclus\u00e3o de estudos, podem emitir o &#8220;CERTIFICADO&#8221;<\/strong><\/p>\n\n\n\n<div style=\"height:25px\" aria-hidden=\"true\" class=\"wp-block-spacer\"><\/div>\n\n\n\n<p class=\"has-text-align-center has-black-color has-text-color has-link-color wp-elements-cc7abb3adae3a80b535541b34a0f62f4\" style=\"font-size:20px\"><strong>J\u00e1 o ENCCEJA poder\u00e1 ser gerencias por CURSOS LIVRES que n\u00e3o requisita nenhum tipo de credenciamento, tratando-se apenas de um preparat\u00f3rio, assim sendo, toda a responsabilidade de realiza\u00e7\u00e3o da prova e emiss\u00e3o do certificado fica a cargo dos Governos Estaduais e Federais.<\/strong><\/p>\n\n\n\n<div style=\"height:30px\" aria-hidden=\"true\" class=\"wp-block-spacer\"><\/div>\n\n\n\n<hr class=\"wp-block-separator has-alpha-channel-opacity\"\/>\n\n\n\n<div style=\"height:30px\" aria-hidden=\"true\" class=\"wp-block-spacer\"><\/div>\n\n\n\n<h4 class=\"wp-block-heading has-text-align-center has-black-color has-text-color has-link-color has-medium-font-size wp-elements-dd19af202220d7eaa97b52f7fb985481\">Vamos estudar para o ENCCEJA ou no Verdadeiro Supletivo EJA-EaD<\/h4>\n\n\n\n<div style=\"height:25px\" aria-hidden=\"true\" class=\"wp-block-spacer\"><\/div>\n\n\n\n<p class=\"has-text-align-center has-black-color has-text-color has-link-color wp-elements-6a41e04fa1c616a4614a68236d3de02e\" style=\"font-size:20px\"><strong>Agora que voc\u00ea sabe da verdadeira diferen\u00e7a, veja hoje mesmo para o SEJA-EAD, e tenha sua op\u00e7\u00e3o de estudar com professores de verdade, tendo acesso a videoaulas, apostilas, simulados e teste em prova modelo aplicado em anos anteriores pelo MEC\/INEP<\/strong><\/p>\n\n\n\n<div style=\"height:25px\" aria-hidden=\"true\" class=\"wp-block-spacer\"><\/div>\n\n\n\n<p class=\"has-text-align-center has-black-color has-text-color has-link-color wp-elements-78f02b501fca2185dc7a75f3e145a7e5\" style=\"font-size:20px\"><strong>Se habilite a prestar a Prova do ENCCEJA pelo SEJA-EaD.<\/strong><\/p>\n\n\n\n<div style=\"height:30px\" aria-hidden=\"true\" class=\"wp-block-spacer\"><\/div>\n\n\n\n<hr class=\"wp-block-separator has-alpha-channel-opacity\"\/>\n\n\n\n<div style=\"height:30px\" aria-hidden=\"true\" class=\"wp-block-spacer\"><\/div>\n\n\n\n<div class=\"wp-block-buttons is-content-justification-center is-layout-flex wp-container-core-buttons-is-layout-16018d1d wp-block-buttons-is-layout-flex\">\n<div class=\"wp-block-button is-style-fill\"><a class=\"wp-block-button__link has-background has-custom-font-size wp-element-button\" href=\"https:\/\/seja-ead.com.br\/index.php\/matricula\/\" style=\"background:linear-gradient(176deg,rgb(255,71,0) 54%,rgb(170,24,24) 100%);font-size:20px\"><strong>Matr\u00edcule-se agora!<\/strong><\/a><\/div>\n<\/div>\n","protected":false},"excerpt":{"rendered":"<p>Cursos Preparat\u00f3rios CONCURSOS P\u00daBLICO e ENCCEJA Pensando em seu futuro com estabilidade de emprego, ou deseja concluir seus estudos por meio de uma prova \u00fanica, nos do SEJA-EAD temos a solu\u00e7\u00e3o. Ofertamos &#8220;Cursos Preparat\u00f3rio para Concursos P\u00fablicos&#8221;, em acordo com cada edital proposto pelo governo estadual e\/ou federal, ofertando a grade curricular que atender\u00e1 sua [&hellip;]<\/p>\n","protected":false},"author":1,"featured_media":0,"parent":0,"menu_order":0,"comment_status":"closed","ping_status":"closed","template":"","meta":{"footnotes":""},"class_list":["post-1067","page","type-page","status-publish","hentry"],"_links":{"self":[{"href":"https:\/\/seja-ead.com.br\/index.php\/wp-json\/wp\/v2\/pages\/1067","targetHints":{"allow":["GET"]}}],"collection":[{"href":"https:\/\/seja-ead.com.br\/index.php\/wp-json\/wp\/v2\/pages"}],"about":[{"href":"https:\/\/seja-ead.com.br\/index.php\/wp-json\/wp\/v2\/types\/page"}],"author":[{"embeddable":true,"href":"https:\/\/seja-ead.com.br\/index.php\/wp-json\/wp\/v2\/users\/1"}],"replies":[{"embeddable":true,"href":"https:\/\/seja-ead.com.br\/index.php\/wp-json\/wp\/v2\/comments?post=1067"}],"version-history":[{"count":14,"href":"https:\/\/seja-ead.com.br\/index.php\/wp-json\/wp\/v2\/pages\/1067\/revisions"}],"predecessor-version":[{"id":1087,"href":"https:\/\/seja-ead.com.br\/index.php\/wp-json\/wp\/v2\/pages\/1067\/revisions\/1087"}],"wp:attachment":[{"href":"https:\/\/seja-ead.com.br\/index.php\/wp-json\/wp\/v2\/media?parent=1067"}],"curies":[{"name":"wp","href":"https:\/\/api.w.org\/{rel}","templated":true}]}}