{"id":206,"date":"2025-04-07T11:35:19","date_gmt":"2025-04-07T14:35:19","guid":{"rendered":"http:\/\/seja-ead.com.br\/?page_id=206"},"modified":"2025-12-01T15:22:27","modified_gmt":"2025-12-01T18:22:27","slug":"parceiros","status":"publish","type":"page","link":"https:\/\/seja-ead.com.br\/index.php\/parceiros\/","title":{"rendered":"Seja AFILIADOS &#8211; SEJA-EaD Supletivo"},"content":{"rendered":"\n<h4 class=\"wp-block-heading has-text-align-center has-black-color has-text-color has-link-color wp-elements-225efab2d4d75eda29126df0d2f511f4\" style=\"font-size:20px\">Quer trabalhar como &#8220;AFILIADO &#8211; SEJA-EaD Supletivo&#8221; na divulga\u00e7\u00e3o e capta\u00e7\u00e3o de Alunos<\/h4>\n\n\n\n<div style=\"height:10px\" aria-hidden=\"true\" class=\"wp-block-spacer\"><\/div>\n\n\n\n<p class=\"has-text-align-center has-black-color has-text-color has-link-color wp-elements-9c5d0cac80144ad8c381d0ab7b6d6a48\" style=\"font-size:20px\"><strong>O Verdadeiro Supletivo EJA-EaD e\/ou OFFICE 3D &#8211; Computa\u00e7\u00e3o Gr\u00e1fica<\/strong><\/p>\n\n\n\n<p class=\"has-text-align-center\"><strong>10 ANOS &#8211; Formando Amigos &#8211; Certificado Reconhecido pela SEED \/ PR &#8230; CEE \/ PR e MEC (LDB 9394\/96)<\/strong><\/p>\n\n\n\n<div style=\"height:20px\" aria-hidden=\"true\" class=\"wp-block-spacer\"><\/div>\n\n\n\n<hr class=\"wp-block-separator has-alpha-channel-opacity\"\/>\n\n\n\n<div style=\"height:20px\" aria-hidden=\"true\" class=\"wp-block-spacer\"><\/div>\n\n\n\n<h5 class=\"wp-block-heading has-text-align-center has-black-color has-text-color has-link-color wp-elements-7b27480fa206e460816463b30d5235b2\" style=\"font-size:20px\">\u00c9 bem simples, fa\u00e7a seu pr\u00e9 cadastro abaixo, e cada aluno matriculado voc\u00ea pode ganhar muito!!!<\/h5>\n\n\n\n<div style=\"height:20px\" aria-hidden=\"true\" class=\"wp-block-spacer\"><\/div>\n\n\n\n<hr class=\"wp-block-separator has-alpha-channel-opacity\"\/>\n\n\n\n<div style=\"height:20px\" aria-hidden=\"true\" class=\"wp-block-spacer\"><\/div>\n\n\n\n<p class=\"has-text-align-center has-black-color has-text-color has-link-color wp-elements-4622e05326a56acc2a6198d40469a499\" style=\"font-size:20px\"><strong>Possibilidade de ganho superior a R$ 5.000,00 (cinco mil reais) ao m\u00eas<\/strong><\/p>\n\n\n\n<p class=\"has-text-align-center\">Trabalhando com divulga\u00e7\u00e3o em Redes Sociais, em horas vagas &#8220;Home Office&#8221; ( sem v\u00ednculo C. L. T.)<\/p>\n\n\n\n<div style=\"height:20px\" aria-hidden=\"true\" class=\"wp-block-spacer\"><\/div>\n\n\n\n<hr class=\"wp-block-separator has-alpha-channel-opacity\"\/>\n\n\n\n<div style=\"height:20px\" aria-hidden=\"true\" class=\"wp-block-spacer\"><\/div>\n\n\n\n<p class=\"has-text-align-center has-black-color has-text-color has-link-color wp-elements-ab1db79b7de91fd1151d0b54aa045193\" style=\"font-size:20px\"><strong>Ap\u00f3s a aprova\u00e7\u00e3o de seu cadastro, nossos &#8220;Afiliados&#8221; e Indicadores de Neg\u00f3cios, receber\u00e3o o treinamento correto para atuar na capta\u00e7\u00e3o de alunos<\/strong><\/p>\n\n\n\n<div style=\"height:20px\" aria-hidden=\"true\" class=\"wp-block-spacer\"><\/div>\n\n\n\n<hr class=\"wp-block-separator has-alpha-channel-opacity\"\/>\n\n\n\n<div style=\"height:20px\" aria-hidden=\"true\" class=\"wp-block-spacer\"><\/div>\n\n\n<style id=\"wpforms-css-vars-500-block-000ef2ac-82ed-4e8e-a1dc-84c1a1f358bc\">\n\t\t\t\t#wpforms-500.wpforms-block-000ef2ac-82ed-4e8e-a1dc-84c1a1f358bc {\n\t\t\t\t--wpforms-page-break-color: #72b239;\n--wpforms-button-background-color: #ff4800;\n--wpforms-field-size-input-height: 43px;\n--wpforms-field-size-input-spacing: 15px;\n--wpforms-field-size-font-size: 16px;\n--wpforms-field-size-line-height: 19px;\n--wpforms-field-size-padding-h: 14px;\n--wpforms-field-size-checkbox-size: 16px;\n--wpforms-field-size-sublabel-spacing: 5px;\n--wpforms-field-size-icon-size: 1;\n--wpforms-label-size-font-size: 16px;\n--wpforms-label-size-line-height: 19px;\n--wpforms-label-size-sublabel-font-size: 14px;\n--wpforms-label-size-sublabel-line-height: 17px;\n--wpforms-button-size-font-size: 17px;\n--wpforms-button-size-height: 41px;\n--wpforms-button-size-padding-h: 15px;\n--wpforms-button-size-margin-top: 10px;\n--wpforms-container-shadow-size-box-shadow: none;\n\n\t\t\t}\n\t\t\t<\/style><div class=\"wpforms-container wpforms-container-full wpforms-block wpforms-block-000ef2ac-82ed-4e8e-a1dc-84c1a1f358bc wpforms-render-modern\" id=\"wpforms-500\"><form id=\"wpforms-form-500\" class=\"wpforms-validate wpforms-form wpforms-ajax-form\" data-formid=\"500\" method=\"post\" enctype=\"multipart\/form-data\" action=\"\/index.php\/wp-json\/wp\/v2\/pages\/206\" data-token=\"186e47fe00283783e5b995f290b34c05\" data-token-time=\"1777730528\"><noscript class=\"wpforms-error-noscript\">Ative o JavaScript no seu navegador para preencher este formul\u00e1rio.<\/noscript><div class=\"wpforms-hidden\" id=\"wpforms-error-noscript\">Ative o JavaScript no seu navegador para preencher este formul\u00e1rio.<\/div><div class=\"wpforms-field-container\"><div id=\"wpforms-500-field_10-container\" class=\"wpforms-field wpforms-field-divider\" data-field-id=\"10\"><h3 id=\"wpforms-500-field_10\" aria-errormessage=\"wpforms-500-field_10-error\">Preencha o formul\u00e1rio abaixo para fazer a sua inscri\u00e7\u00e3o<\/h3><\/div><div id=\"wpforms-500-field_2-container\" class=\"wpforms-field wpforms-field-name\" data-field-id=\"2\"><fieldset><legend class=\"wpforms-field-label\">Nome <span class=\"wpforms-required-label\" aria-hidden=\"true\">*<\/span><\/legend><div class=\"wpforms-field-row wpforms-field-medium\"><div class=\"wpforms-field-row-block wpforms-first wpforms-one-half\"><input type=\"text\" id=\"wpforms-500-field_2\" class=\"wpforms-field-name-first wpforms-field-required\" name=\"wpforms[fields][2][first]\" aria-errormessage=\"wpforms-500-field_2-error\" required><label for=\"wpforms-500-field_2\" class=\"wpforms-field-sublabel after\">Nome<\/label><\/div><div class=\"wpforms-field-row-block wpforms-one-half\"><input type=\"text\" id=\"wpforms-500-field_2-last\" class=\"wpforms-field-name-last wpforms-field-required\" name=\"wpforms[fields][2][last]\" aria-errormessage=\"wpforms-500-field_2-last-error\" required><label for=\"wpforms-500-field_2-last\" class=\"wpforms-field-sublabel after\">Sobrenome<\/label><\/div><\/div><\/fieldset><\/div><div id=\"wpforms-500-field_11-container\" class=\"wpforms-field wpforms-field-phone\" data-field-id=\"11\"><label class=\"wpforms-field-label\" for=\"wpforms-500-field_11\">Telefone<\/label><input type=\"tel\" id=\"wpforms-500-field_11\" class=\"wpforms-field-medium\" data-rule-int-phone-field=\"true\" name=\"wpforms[fields][11]\" aria-label=\"Telefone\" aria-errormessage=\"wpforms-500-field_11-error\" ><\/div><div id=\"wpforms-500-field_13-container\" class=\"wpforms-field wpforms-field-text\" data-field-id=\"13\"><label class=\"wpforms-field-label\" for=\"wpforms-500-field_13\">e-mail (pessoa f\u00edsica e\/ou jur\u00eddica)<\/label><input type=\"text\" id=\"wpforms-500-field_13\" class=\"wpforms-field-medium\" name=\"wpforms[fields][13]\" aria-errormessage=\"wpforms-500-field_13-error\" ><\/div><div id=\"wpforms-500-field_3-container\" class=\"wpforms-field wpforms-field-text\" data-field-id=\"3\"><label class=\"wpforms-field-label\" for=\"wpforms-500-field_3\">Nome da Empresa<\/label><input type=\"text\" id=\"wpforms-500-field_3\" class=\"wpforms-field-medium\" name=\"wpforms[fields][3]\" aria-errormessage=\"wpforms-500-field_3-error\" ><\/div><div id=\"wpforms-500-field_4-container\" class=\"wpforms-field wpforms-field-number\" data-field-id=\"4\"><label class=\"wpforms-field-label\" for=\"wpforms-500-field_4\">CPF \/ CNPJ  <span class=\"wpforms-required-label\" aria-hidden=\"true\">*<\/span><\/label><input type=\"number\" id=\"wpforms-500-field_4\" class=\"wpforms-field-medium wpforms-field-required\" name=\"wpforms[fields][4]\" step=\"any\" aria-errormessage=\"wpforms-500-field_4-error\" required><\/div><div id=\"wpforms-500-field_5-container\" class=\"wpforms-field wpforms-field-address\" data-field-id=\"5\"><fieldset><legend class=\"wpforms-field-label\">Endere\u00e7o<\/legend><div class=\"wpforms-field-row wpforms-field-medium\"><div ><input type=\"text\" id=\"wpforms-500-field_5\" class=\"wpforms-field-address-address1\" name=\"wpforms[fields][5][address1]\" aria-errormessage=\"wpforms-500-field_5-error\" ><label for=\"wpforms-500-field_5\" class=\"wpforms-field-sublabel after\">Endere\u00e7o linha 1<\/label><\/div><\/div><div class=\"wpforms-field-row wpforms-field-medium\"><div class=\"wpforms-field-row-block wpforms-one-half wpforms-first\"><input type=\"text\" id=\"wpforms-500-field_5-city\" class=\"wpforms-field-address-city\" name=\"wpforms[fields][5][city]\" aria-errormessage=\"wpforms-500-field_5-city-error\" ><label for=\"wpforms-500-field_5-city\" class=\"wpforms-field-sublabel after\">Cidade<\/label><\/div><div class=\"wpforms-field-row-block wpforms-one-half\"><input type=\"text\" id=\"wpforms-500-field_5-state\" class=\"wpforms-field-address-state\" name=\"wpforms[fields][5][state]\" aria-errormessage=\"wpforms-500-field_5-state-error\" ><label for=\"wpforms-500-field_5-state\" class=\"wpforms-field-sublabel after\">Estado<\/label><\/div><\/div><div class=\"wpforms-field-row wpforms-field-medium\"><div class=\"wpforms-field-row-block wpforms-one-half wpforms-first\"><input type=\"text\" id=\"wpforms-500-field_5-postal\" class=\"wpforms-field-address-postal\" name=\"wpforms[fields][5][postal]\" aria-errormessage=\"wpforms-500-field_5-postal-error\" ><label for=\"wpforms-500-field_5-postal\" class=\"wpforms-field-sublabel after\">C\u00f3digo Postal<\/label><\/div><div class=\"wpforms-field-row-block wpforms-one-half\"><select id=\"wpforms-500-field_5-country\" class=\"wpforms-field-address-country\" name=\"wpforms[fields][5][country]\" aria-errormessage=\"wpforms-500-field_5-country-error\" ><option class=\"placeholder\" value=\"\" selected disabled>&#8212; Selecionar country &#8212;<\/option><option value=\"AF\" >Afeganist\u00e3o<\/option><option value=\"AL\" >Alb\u00e2nia<\/option><option value=\"DE\" >Alemanha<\/option><option value=\"AD\" >Andorra<\/option><option value=\"AO\" >Angola<\/option><option value=\"AI\" >Anguilla<\/option><option value=\"AQ\" >Ant\u00e1rtida<\/option><option value=\"AG\" >Ant\u00edgua e Barbuda<\/option><option value=\"DZ\" >Argelia<\/option><option value=\"AR\" >Argentina<\/option><option value=\"AM\" >Arm\u00eania<\/option><option value=\"AW\" >Aruba<\/option><option value=\"SA\" >Ar\u00e1bia Saudita<\/option><option value=\"AU\" >Austr\u00e1lia<\/option><option value=\"AZ\" >Azerbaij\u00e3o<\/option><option value=\"BS\" >Bahamas<\/option><option value=\"BH\" >Bahrain<\/option><option value=\"BD\" >Bangladesh<\/option><option value=\"BB\" >Barbados<\/option><option value=\"BY\" >Belarus<\/option><option value=\"BZ\" >Belize<\/option><option value=\"BJ\" >Benin<\/option><option value=\"BM\" >Bermuda<\/option><option value=\"MM\" >Birm\u00e2nia<\/option><option value=\"BO\" >Bol\u00edvia (Estado Plurinacional da)<\/option><option value=\"BQ\" >Bonaire, Santo Eust\u00e1quio e Saba<\/option><option value=\"BW\" >Botsuana<\/option><option value=\"BR\" >Brasil<\/option><option value=\"BN\" >Brunei Darussalam<\/option><option value=\"BG\" >Bulg\u00e1ria<\/option><option value=\"BF\" >Burkina Faso<\/option><option value=\"BI\" >Burundi<\/option><option value=\"BT\" >But\u00e3o<\/option><option value=\"BE\" >B\u00e9lgica<\/option><option value=\"BA\" >B\u00f3snia e Hezergovina<\/option><option value=\"CV\" >Cabo Verde<\/option><option value=\"CM\" >Camar\u00f5es<\/option><option value=\"KM\" >Camar\u00f5es<\/option><option value=\"KH\" >Camboja<\/option><option value=\"CA\" >Canad\u00e1<\/option><option value=\"QA\" >Catar<\/option><option value=\"KZ\" >Cazaquist\u00e3o<\/option><option value=\"TD\" >Chade<\/option><option value=\"CL\" >Chile<\/option><option value=\"CN\" >China<\/option><option value=\"CY\" >Chipre<\/option><option value=\"CO\" >Col\u00f4mbia<\/option><option value=\"CG\" >Congo<\/option><option value=\"CD\" >Congo (Rep\u00fablica Democr\u00e1tica do)<\/option><option value=\"KR\" >Cor\u00e9ia (Republica da)<\/option><option value=\"KP\" >Cor\u00e9ia (Rep\u00fablica Popular Democr\u00e1tica da)<\/option><option value=\"CR\" >Costa Rica<\/option><option value=\"CI\" >Costa do Marfim<\/option><option value=\"HR\" >Cro\u00e1cia<\/option><option value=\"CU\" >Cuba<\/option><option value=\"CW\" >Cura\u00e7ao<\/option><option value=\"DK\" >Dinamarca<\/option><option value=\"DJ\" >Djibouti<\/option><option value=\"DM\" >Dominica<\/option><option value=\"EG\" >Egito<\/option><option value=\"SV\" >El Salvador<\/option><option value=\"AE\" >Emirados \u00c1rabes Unidos<\/option><option value=\"EC\" >Equador<\/option><option value=\"ER\" >Eritr\u00e9ia<\/option><option value=\"SK\" >Eslov\u00e1quia<\/option><option value=\"SI\" >Eslov\u00eania<\/option><option value=\"ES\" >Espanha<\/option><option value=\"VA\" >Estado da Cidade do Vaticano<\/option><option value=\"US\" >Estados Unidos da America<\/option><option value=\"EE\" >Est\u00f4nia<\/option><option value=\"SZ\" >Eswatini (Reino de)<\/option><option value=\"ET\" >Eti\u00f3pia<\/option><option value=\"RU\" >Federa\u00e7\u00e3o Russa<\/option><option value=\"FJ\" >Fiji<\/option><option value=\"PH\" >Filipinas<\/option><option value=\"FI\" >Finl\u00e2ndia<\/option><option value=\"FR\" >Fran\u00e7a<\/option><option value=\"GA\" >Gab\u00e3o<\/option><option value=\"GH\" >Gana<\/option><option value=\"GE\" >Georgia<\/option><option value=\"GS\" >Ge\u00f3rgia do Sul e Ilhas Sandwich do Sul<\/option><option value=\"GI\" >Gibraltar<\/option><option value=\"GD\" >Grenada<\/option><option value=\"GL\" >Groenl\u00e2ndia<\/option><option value=\"GR\" >Gr\u00e9cia<\/option><option value=\"GP\" >Guadalupe<\/option><option value=\"GU\" >Guam<\/option><option value=\"GT\" >Guatemala<\/option><option value=\"GG\" >Guernsey<\/option><option value=\"GY\" >Guiana<\/option><option value=\"GF\" >Guiana Francesa<\/option><option value=\"GN\" >Guin\u00e9<\/option><option value=\"GQ\" >Guin\u00e9 Equatorial<\/option><option value=\"GW\" >Guin\u00e9-Bissau<\/option><option value=\"GM\" >G\u00e2mbia<\/option><option value=\"HT\" >Haiti<\/option><option value=\"NL\" >Holanda<\/option><option value=\"HN\" >Honduras<\/option><option value=\"HK\" >Hong Kong<\/option><option value=\"HU\" >Hungria<\/option><option value=\"BV\" >Ilha Bouvet<\/option><option value=\"HM\" >Ilha Heard e Ilhas McDonald<\/option><option value=\"NF\" >Ilha Norfolk<\/option><option value=\"IM\" >Ilha de Man<\/option><option value=\"CX\" >Ilha do Natal<\/option><option value=\"AX\" >Ilhas Aland<\/option><option value=\"KY\" >Ilhas Cayman<\/option><option value=\"CC\" >Ilhas Cocos (Keeling)<\/option><option value=\"CK\" >Ilhas Cook<\/option><option value=\"FK\" >Ilhas Falkland (Malvinas)<\/option><option value=\"FO\" >Ilhas Faroe<\/option><option value=\"MP\" >Ilhas Marianas do Norte<\/option><option value=\"MH\" >Ilhas Marshall<\/option><option value=\"UM\" >Ilhas Menores Distantes dos Estados Unidos<\/option><option value=\"SB\" >Ilhas Salom\u00e3o<\/option><option value=\"TC\" >Ilhas Turks e Caicos<\/option><option value=\"VG\" >Ilhas Virgens (Brit\u00e2nicas)<\/option><option value=\"VI\" >Ilhas Virgens (EUA)<\/option><option value=\"ID\" >Indon\u00e9sia<\/option><option value=\"IQ\" >Iraque<\/option><option value=\"IE\" >Irlanda (Rep\u00fablica da)<\/option><option value=\"IR\" >Ir\u00e3 (Rep\u00fablica Isl\u00e2mica do Ir\u00e3)<\/option><option value=\"IS\" >Isl\u00e2ndia<\/option><option value=\"IL\" >Israel<\/option><option value=\"IT\" >It\u00e1lia<\/option><option value=\"YE\" >I\u00eamen<\/option><option value=\"JM\" >Jamaica<\/option><option value=\"JP\" >Jap\u00e3o<\/option><option value=\"JE\" >Jersey<\/option><option value=\"JO\" >Jord\u00e2nia<\/option><option value=\"KI\" >Kiribati<\/option><option value=\"XK\" >Kosovo<\/option><option value=\"KW\" >Kuwait<\/option><option value=\"LS\" >Lesoto<\/option><option value=\"LV\" >Let\u00f4nia<\/option><option value=\"LR\" >Lib\u00e9ria<\/option><option value=\"LI\" >Liechtenstein<\/option><option value=\"LT\" >Litu\u00e2nia<\/option><option value=\"LU\" >Luxemburgo<\/option><option value=\"LB\" >L\u00edbano<\/option><option value=\"LY\" >L\u00edbia<\/option><option value=\"MO\" >Macau<\/option><option value=\"MK\" >Maced\u00f4nia do Norte (rep\u00fablica de)<\/option><option value=\"MG\" >Madag\u00e1scar<\/option><option value=\"MW\" >Malavi<\/option><option value=\"MV\" >Maldivas<\/option><option value=\"ML\" >Mali<\/option><option value=\"MT\" >Malta<\/option><option value=\"MY\" >Mal\u00e1sia<\/option><option value=\"MA\" >Marrocos<\/option><option value=\"MQ\" >Martinica<\/option><option value=\"MR\" >Maurit\u00e2nia<\/option><option value=\"MU\" >Maur\u00edcio<\/option><option value=\"YT\" >Mayotte<\/option><option value=\"FM\" >Micron\u00e9sia (Estados Federados da)<\/option><option value=\"MD\" >Mold\u00e1via (Rep\u00fablica da)<\/option><option value=\"MN\" >Mong\u00f3lia<\/option><option value=\"ME\" >Montenegro<\/option><option value=\"MS\" >Montserrat<\/option><option value=\"MZ\" >Mo\u00e7ambique<\/option><option value=\"MX\" >M\u00e9xico<\/option><option value=\"MC\" >M\u00f4naco<\/option><option value=\"NA\" >Nam\u00edbia<\/option><option value=\"NR\" >Nauru<\/option><option value=\"NP\" >Nepal<\/option><option value=\"NI\" >Nicar\u00e1gua<\/option><option value=\"NG\" >Nig\u00e9ria<\/option><option value=\"NU\" >Niue<\/option><option value=\"NO\" >Noruega<\/option><option value=\"NC\" >Nova Caled\u00f4nia<\/option><option value=\"NZ\" >Nova Zel\u00e2ndia<\/option><option value=\"NE\" >N\u00edger<\/option><option value=\"OM\" >Om\u00e3<\/option><option value=\"PW\" >Palau<\/option><option value=\"PS\" >Palestina (estado de)<\/option><option value=\"PA\" >Panam\u00e1<\/option><option value=\"PG\" >Papua Nova Guin\u00e9<\/option><option value=\"PK\" >Paquist\u00e3o<\/option><option value=\"PY\" >Paraguai<\/option><option value=\"PE\" >Peru<\/option><option value=\"PN\" >Pitcairn<\/option><option value=\"PF\" >Polin\u00e9sia Francesa<\/option><option value=\"PL\" >Pol\u00f4nia<\/option><option value=\"PR\" >Porto Rico<\/option><option value=\"PT\" >Portugal<\/option><option value=\"KG\" >Quirguist\u00e3o<\/option><option value=\"KE\" >Qu\u00eania<\/option><option value=\"GB\" >Reino Unido da Gr\u00e3-Bretanha e Irlanda do Norte<\/option><option value=\"CF\" >Rep\u00fablica Central Africana<\/option><option value=\"LA\" >Rep\u00fablica Democr\u00e1tica Popular do Laos<\/option><option value=\"DO\" >Rep\u00fablica Dominicana<\/option><option value=\"CZ\" >Rep\u00fablica Tcheca<\/option><option value=\"SY\" >Rep\u00fablica \u00c1rabe da S\u00edria<\/option><option value=\"RE\" >Reuni\u00e3o<\/option><option value=\"RO\" >Rom\u00eania<\/option><option value=\"RW\" >Ruanda<\/option><option value=\"EH\" >Saara Ocidental<\/option><option value=\"WS\" >Samoa<\/option><option value=\"AS\" >Samoa Americana<\/option><option value=\"SH\" >Santa Helena, Ilha de Ascens\u00e3o e Trist\u00e3o da Cunha<\/option><option value=\"LC\" >Santa L\u00facia<\/option><option value=\"SC\" >Seicheles<\/option><option value=\"SN\" >Senegal<\/option><option value=\"SL\" >Serra Leoa<\/option><option value=\"SG\" >Singapura<\/option><option value=\"SX\" >Sint Maarten (parte holandesa)<\/option><option value=\"SO\" >Som\u00e1lia<\/option><option value=\"LK\" >Sri Lanka<\/option><option value=\"SD\" >Sud\u00e3o<\/option><option value=\"SS\" >Sud\u00e3o do Sul<\/option><option value=\"SR\" >Suriname<\/option><option value=\"SE\" >Su\u00e9cia<\/option><option value=\"CH\" >Su\u00ed\u00e7a<\/option><option value=\"SJ\" >Svalbard e Jan Mayen<\/option><option value=\"BL\" >S\u00e3o Bartolomeu<\/option><option value=\"KN\" >S\u00e3o Crist\u00f3v\u00e3o e N\u00e9vis<\/option><option value=\"SM\" >S\u00e3o Marinho<\/option><option value=\"MF\" >S\u00e3o Martinho (parte francesa)<\/option><option value=\"PM\" >S\u00e3o Pedro e Miquelon<\/option><option value=\"ST\" >S\u00e3o Tom\u00e9 e Pr\u00edncipe<\/option><option value=\"VC\" >S\u00e3o Vicente e Granadinas<\/option><option value=\"RS\" >S\u00e9rvia<\/option><option value=\"TH\" >Tail\u00e2ndia<\/option><option value=\"TW\" >Taiwan, Rep\u00fablica da China<\/option><option value=\"TJ\" >Tajiquist\u00e3o<\/option><option value=\"TZ\" >Tanz\u00e2nia (Rep\u00fablica Unida da)<\/option><option value=\"IO\" >Territ\u00f3rio Brit\u00e2nico do Oceano \u00cdndico<\/option><option value=\"TF\" >Territ\u00f3rios Franceses do Sul<\/option><option value=\"TL\" >Timor-Leste<\/option><option value=\"TG\" >Togo<\/option><option value=\"TK\" >Tokelau<\/option><option value=\"TO\" >Tonga<\/option><option value=\"TT\" >Trindade e Tobago<\/option><option value=\"TN\" >Tun\u00edsia<\/option><option value=\"TM\" >Turcomenist\u00e3o<\/option><option value=\"TR\" >Turquia<\/option><option value=\"TV\" >Tuvalu<\/option><option value=\"UA\" >Ucr\u00e2nia<\/option><option value=\"UG\" >Uganda<\/option><option value=\"UY\" >Uruguai<\/option><option value=\"UZ\" >Uzbequist\u00e3o<\/option><option value=\"VU\" >Vanuatu<\/option><option value=\"VE\" >Venezuela (Rep\u00fablica Bolivariana da)<\/option><option value=\"VN\" >Vietn\u00e3<\/option><option value=\"WF\" >Wallis e Futuna<\/option><option value=\"ZW\" >Zimb\u00e1bue<\/option><option value=\"ZM\" >Z\u00e2mbia<\/option><option value=\"ZA\" >\u00c1frica do Sul<\/option><option value=\"AT\" >\u00c1ustria<\/option><option value=\"IN\" >\u00cdndia<\/option><\/select><label for=\"wpforms-500-field_5-country\" class=\"wpforms-field-sublabel after\">Pa\u00eds<\/label><\/div><\/div><\/fieldset><\/div><\/div><!-- .wpforms-field-container --><div class=\"wpforms-submit-container\" ><input type=\"hidden\" name=\"wpforms[id]\" value=\"500\"><input type=\"hidden\" name=\"page_title\" value=\"\"><input type=\"hidden\" name=\"page_url\" value=\"https:\/\/seja-ead.com.br\/index.php\/wp-json\/wp\/v2\/pages\/206\"><input type=\"hidden\" name=\"url_referer\" value=\"\"><button type=\"submit\" name=\"wpforms[submit]\" id=\"wpforms-submit-500\" class=\"wpforms-submit\" data-alt-text=\"Enviando\u2026\" data-submit-text=\"Enviar Formul\u00e1rio\" aria-live=\"assertive\" value=\"wpforms-submit\">Enviar Formul\u00e1rio<\/button><img loading=\"lazy\" decoding=\"async\" src=\"https:\/\/seja-ead.com.br\/wp-content\/plugins\/wpforms\/assets\/images\/submit-spin.svg\" class=\"wpforms-submit-spinner\" style=\"display: none;\" width=\"26\" height=\"26\" alt=\"Carregando\"><\/div><\/form><\/div>  <!-- .wpforms-container -->\n\n\n<p class=\"has-text-align-center\">A aprova\u00e7\u00e3o de cadastro seguir\u00e1 rigorosas an\u00e1lises de nossa diretoria e\/o departamento jur\u00eddico, assim sendo, nossa resposta ser\u00e1 documentada por e-mail, com formaliza\u00e7\u00e3o por meio de contrato e assinatura digital via GOV.BR.<\/p>\n\n\n\n<div style=\"height:75px\" aria-hidden=\"true\" class=\"wp-block-spacer\"><\/div>\n","protected":false},"excerpt":{"rendered":"<p>Quer trabalhar como &#8220;AFILIADO &#8211; SEJA-EaD Supletivo&#8221; na divulga\u00e7\u00e3o e capta\u00e7\u00e3o de Alunos O Verdadeiro Supletivo EJA-EaD e\/ou OFFICE 3D &#8211; Computa\u00e7\u00e3o Gr\u00e1fica 10 ANOS &#8211; Formando Amigos &#8211; Certificado Reconhecido pela SEED \/ PR &#8230; CEE \/ PR e MEC (LDB 9394\/96) \u00c9 bem simples, fa\u00e7a seu pr\u00e9 cadastro abaixo, e cada aluno matriculado [&hellip;]<\/p>\n","protected":false},"author":1,"featured_media":0,"parent":0,"menu_order":0,"comment_status":"closed","ping_status":"closed","template":"","meta":{"footnotes":""},"class_list":["post-206","page","type-page","status-publish","hentry"],"_links":{"self":[{"href":"https:\/\/seja-ead.com.br\/index.php\/wp-json\/wp\/v2\/pages\/206","targetHints":{"allow":["GET"]}}],"collection":[{"href":"https:\/\/seja-ead.com.br\/index.php\/wp-json\/wp\/v2\/pages"}],"about":[{"href":"https:\/\/seja-ead.com.br\/index.php\/wp-json\/wp\/v2\/types\/page"}],"author":[{"embeddable":true,"href":"https:\/\/seja-ead.com.br\/index.php\/wp-json\/wp\/v2\/users\/1"}],"replies":[{"embeddable":true,"href":"https:\/\/seja-ead.com.br\/index.php\/wp-json\/wp\/v2\/comments?post=206"}],"version-history":[{"count":48,"href":"https:\/\/seja-ead.com.br\/index.php\/wp-json\/wp\/v2\/pages\/206\/revisions"}],"predecessor-version":[{"id":1491,"href":"https:\/\/seja-ead.com.br\/index.php\/wp-json\/wp\/v2\/pages\/206\/revisions\/1491"}],"wp:attachment":[{"href":"https:\/\/seja-ead.com.br\/index.php\/wp-json\/wp\/v2\/media?parent=206"}],"curies":[{"name":"wp","href":"https:\/\/api.w.org\/{rel}","templated":true}]}}