{"id":211,"date":"2025-04-07T11:37:41","date_gmt":"2025-04-07T14:37:41","guid":{"rendered":"http:\/\/seja-ead.com.br\/?page_id=211"},"modified":"2025-05-20T21:19:43","modified_gmt":"2025-05-21T00:19:43","slug":"ava-ead","status":"publish","type":"page","link":"https:\/\/seja-ead.com.br\/index.php\/ava-ead\/","title":{"rendered":"AVA-EaD"},"content":{"rendered":"\n<h4 class=\"wp-block-heading has-text-align-center\"><strong>Ambiente Virtual de Aprendizagem &#8211; Educa\u00e7\u00e3o a Dist\u00e2ncia . . .<\/strong><\/h4>\n\n\n\n<div style=\"height:15px\" aria-hidden=\"true\" class=\"wp-block-spacer\"><\/div>\n\n\n\n<hr class=\"wp-block-separator has-alpha-channel-opacity\"\/>\n\n\n\n<div style=\"height:15px\" aria-hidden=\"true\" class=\"wp-block-spacer\"><\/div>\n\n\n\n<h5 class=\"wp-block-heading has-text-align-center\" style=\"font-size:17px\">No Ensino Fundamental e\/ou Ensino M\u00e9dio suas aulas s\u00e3o distribu\u00eddas pela \u00c1rea do Conhecimento<\/h5>\n\n\n\n<div style=\"height:15px\" aria-hidden=\"true\" class=\"wp-block-spacer\"><\/div>\n\n\n\n<hr class=\"wp-block-separator has-alpha-channel-opacity\"\/>\n\n\n\n<div style=\"height:100px\" aria-hidden=\"true\" class=\"wp-block-spacer\"><\/div>\n\n\n\n<div class=\"wp-block-media-text is-stacked-on-mobile\" style=\"grid-template-columns:37% auto\"><figure class=\"wp-block-media-text__media\"><img loading=\"lazy\" decoding=\"async\" width=\"1024\" height=\"959\" src=\"http:\/\/seja-ead.com.br\/wp-content\/uploads\/2025\/04\/Ensino-MEDIO-1-1024x959.jpg\" alt=\"\" class=\"wp-image-277 size-full\" srcset=\"https:\/\/seja-ead.com.br\/wp-content\/uploads\/2025\/04\/Ensino-MEDIO-1-1024x959.jpg 1024w, https:\/\/seja-ead.com.br\/wp-content\/uploads\/2025\/04\/Ensino-MEDIO-1-300x281.jpg 300w, https:\/\/seja-ead.com.br\/wp-content\/uploads\/2025\/04\/Ensino-MEDIO-1-768x719.jpg 768w, https:\/\/seja-ead.com.br\/wp-content\/uploads\/2025\/04\/Ensino-MEDIO-1-1536x1438.jpg 1536w, https:\/\/seja-ead.com.br\/wp-content\/uploads\/2025\/04\/Ensino-MEDIO-1.jpg 1600w\" sizes=\"auto, (max-width: 1024px) 100vw, 1024px\" \/><\/figure><div class=\"wp-block-media-text__content\">\n<p class=\"has-white-color has-text-color has-background has-link-color wp-elements-5c8b19dc6b1f94200c4df9b891617c27\" style=\"background-color:#ff4700;font-size:18px\">AVA-EaD \u00e9 a plataforma de estudo onde nossos educandos ter\u00e3o acesso os materiais did\u00e1tico das Aulas Presenciais \/ Aulas EaD \/ Simulados (teste de conhecimento semanal)\/Provas Presenciais \/ Provas EaD \/ Provas de Recupera\u00e7\u00e3o \/ Provas Especiais. Tudo gerenciado via interner, pelo seu celular, tablet ou computador pessoal<\/p>\n<\/div><\/div>\n\n\n\n<div style=\"height:100px\" aria-hidden=\"true\" class=\"wp-block-spacer\"><\/div>\n\n\n\n<div style=\"height:15px\" aria-hidden=\"true\" class=\"wp-block-spacer\"><\/div>\n\n\n\n<hr class=\"wp-block-separator has-alpha-channel-opacity\"\/>\n\n\n\n<div style=\"height:15px\" aria-hidden=\"true\" class=\"wp-block-spacer\"><\/div>\n\n\n\n<h4 class=\"wp-block-heading has-text-align-center has-medium-font-size\">NOSSO DIFERENCIAL &#8211; AULAS PRESENCIAIS e\/ou AULAS ONLINE<\/h4>\n\n\n\n<div style=\"height:15px\" aria-hidden=\"true\" class=\"wp-block-spacer\"><\/div>\n\n\n\n<p class=\"has-text-align-center has-black-color has-text-color has-link-color wp-elements-153dcad40dff0179632ba62a2f3a2ca0\" style=\"font-size:17px\"><strong>Aqui no SEJA-EaD Supletivo voc\u00ea ter\u00e1 aulas presenciais com pro<\/strong>fessores em sala de aula e Aulas  ONLINE via internet com professores de verdade, assim, n\u00e3o perder\u00e1 nenhuma aula ou conte\u00fado das disciplinas \/ mat\u00e9rias tudo isso pensando na excel\u00eancia e na qualidade de ensino.<\/p>\n\n\n\n<div style=\"height:15px\" aria-hidden=\"true\" class=\"wp-block-spacer\"><\/div>\n\n\n\n<hr class=\"wp-block-separator has-alpha-channel-opacity\"\/>\n\n\n\n<div style=\"height:25px\" aria-hidden=\"true\" class=\"wp-block-spacer\"><\/div>\n\n\n\n<h4 class=\"wp-block-heading has-text-align-center has-medium-font-size\">Quem S\u00e3o Nossos Professores<\/h4>\n\n\n\n<div style=\"height:15px\" aria-hidden=\"true\" class=\"wp-block-spacer\"><\/div>\n\n\n\n<p class=\"has-text-align-center has-black-color has-text-color has-link-color wp-elements-341511cc9fdad75cdbc948a9487dd4de\" style=\"font-size:17px\"><strong>Qualidade e compromisso com Respeito, Seriedade e Profissionalismo<\/strong><\/p>\n\n\n\n<p class=\"has-text-align-center has-black-color has-text-color has-link-color wp-elements-8296e592c368525c1ee56e1fadfc436b\" style=\"font-size:17px\"><strong>Os professores do SEJA-EaD Supletivo, possuem forma\u00e7\u00e3o acad\u00eamica de alto n\u00edvel, co<\/strong>m gradua\u00e7\u00f5es, especializa\u00e7\u00f5es, p\u00f3s graduados, Mestrados e Doutorados. Aproveite o que temos de melhor, estude com os professores que tem muito mais a oferecer, tendo a excel\u00eancia e qualidade da informa\u00e7\u00e3o.<\/p>\n\n\n\n<div style=\"height:15px\" aria-hidden=\"true\" class=\"wp-block-spacer\"><\/div>\n\n\n\n<hr class=\"wp-block-separator has-alpha-channel-opacity\"\/>\n\n\n\n<div style=\"height:25px\" aria-hidden=\"true\" class=\"wp-block-spacer\"><\/div>\n\n\n\n<h4 class=\"wp-block-heading has-text-align-center has-medium-font-size\">&nbsp;Legisla\u00e7\u00e3o em acordo a BNCC &#8211; <strong>Base Nacional Comum Curricular&nbsp;<\/strong>\/ MEC (LDB9394\/96)<\/h4>\n\n\n\n<div style=\"height:15px\" aria-hidden=\"true\" class=\"wp-block-spacer\"><\/div>\n\n\n\n<hr class=\"wp-block-separator has-alpha-channel-opacity\"\/>\n\n\n\n<div style=\"height:30px\" aria-hidden=\"true\" class=\"wp-block-spacer\"><\/div>\n\n\n\n<h5 class=\"wp-block-heading has-text-align-left has-medium-font-size\">\u00c1rea do Conhecimento Ensino M\u00e9dio<\/h5>\n\n\n\n<div style=\"height:30px\" aria-hidden=\"true\" class=\"wp-block-spacer\"><\/div>\n\n\n\n<div class=\"wp-block-group has-background is-nowrap is-layout-flex wp-container-core-group-is-layout-ad2f72ca wp-block-group-is-layout-flex\" style=\"background:linear-gradient(135deg,rgb(255,71,0) 37%,rgba(112,43,16,0.8) 100%)\">\n<p class=\"has-white-color has-text-color has-link-color has-medium-font-size wp-elements-9923f6b3c001fc6883ea8d5e46d1fdbc\"><a href=\"http:\/\/sejaeade5g1.hospedagemdesites.ws\/aulas\/course\/index.php?categoryid=106\">01 \u2013 <strong>Linguagens C\u00f3digos e Suas Tecnologias e Reda\u00e7\u00e3o<\/strong><\/a><\/p>\n<\/div>\n\n\n\n<div style=\"height:10px\" aria-hidden=\"true\" class=\"wp-block-spacer\"><\/div>\n\n\n\n<div class=\"wp-block-group has-background is-nowrap is-layout-flex wp-container-core-group-is-layout-ad2f72ca wp-block-group-is-layout-flex\" style=\"background:linear-gradient(135deg,rgb(255,71,0) 37%,rgba(112,43,16,0.8) 100%)\">\n<p class=\"has-white-color has-text-color has-link-color has-medium-font-size wp-elements-d65e1543a0e1ebec602a1afb217f6ded\"><a href=\"http:\/\/sejaeade5g1.hospedagemdesites.ws\/aulas\/course\/index.php?categoryid=106\">02 \u2013 <strong>Matem\u00e1tica e Suas Tecnologias<\/strong><\/a><\/p>\n<\/div>\n\n\n\n<div style=\"height:10px\" aria-hidden=\"true\" class=\"wp-block-spacer\"><\/div>\n\n\n\n<div class=\"wp-block-group has-background is-nowrap is-layout-flex wp-container-core-group-is-layout-ad2f72ca wp-block-group-is-layout-flex\" style=\"background:linear-gradient(135deg,rgb(255,71,0) 37%,rgba(112,43,16,0.8) 100%)\">\n<p class=\"has-white-color has-text-color has-link-color has-medium-font-size wp-elements-1e1cfe8e2c4cc77e3fa312c309d96f62\"><a href=\"http:\/\/sejaeade5g1.hospedagemdesites.ws\/aulas\/course\/index.php?categoryid=106\">03 \u2013 <strong>Ci\u00eancias Humanas e Suas Tecnologias<\/strong><\/a><\/p>\n<\/div>\n\n\n\n<div style=\"height:10px\" aria-hidden=\"true\" class=\"wp-block-spacer\"><\/div>\n\n\n\n<div class=\"wp-block-group has-background is-nowrap is-layout-flex wp-container-core-group-is-layout-ad2f72ca wp-block-group-is-layout-flex\" style=\"background:linear-gradient(135deg,rgb(255,71,0) 37%,rgba(112,43,16,0.8) 100%)\">\n<p class=\"has-white-color has-text-color has-link-color has-medium-font-size wp-elements-1edb11af2669a9686b24d4da61a2147c\"><a href=\"http:\/\/sejaeade5g1.hospedagemdesites.ws\/aulas\/course\/index.php?categoryid=106\">04 \u2013 <strong>Ci\u00eancias da Natureza e Suas Tecnologias<\/strong><\/a><\/p>\n<\/div>\n\n\n\n<div style=\"height:10px\" aria-hidden=\"true\" class=\"wp-block-spacer\"><\/div>\n\n\n\n<div class=\"wp-block-group has-background is-nowrap is-layout-flex wp-container-core-group-is-layout-ad2f72ca wp-block-group-is-layout-flex\" style=\"background:linear-gradient(135deg,rgb(255,71,0) 37%,rgba(112,43,16,0.8) 100%)\">\n<p class=\"has-white-color has-text-color has-link-color has-medium-font-size wp-elements-69662cad33c82363708f84434559552b\"><a href=\"http:\/\/sejaeade5g1.hospedagemdesites.ws\/aulas\/course\/index.php?categoryid=106\">05 \u2013 <strong>Itiner\u00e1rios Formativos<\/strong><\/a><\/p>\n<\/div>\n\n\n\n<div style=\"height:10px\" aria-hidden=\"true\" class=\"wp-block-spacer\"><\/div>\n\n\n\n<h5 class=\"wp-block-heading has-text-align-left has-medium-font-size\">\u00c1rea do Conhecimentos Ensino Fundamental &#8211; II<\/h5>\n\n\n\n<div style=\"height:10px\" aria-hidden=\"true\" class=\"wp-block-spacer\"><\/div>\n\n\n\n<div class=\"wp-block-group has-background is-nowrap is-layout-flex wp-container-core-group-is-layout-ad2f72ca wp-block-group-is-layout-flex\" style=\"background:linear-gradient(135deg,rgb(255,71,0) 37%,rgba(112,43,16,0.8) 100%)\">\n<p class=\"has-white-color has-text-color has-link-color has-medium-font-size wp-elements-adb6509608a0ce62dd39e6ab839f6543\"><a href=\"http:\/\/sejaeade5g1.hospedagemdesites.ws\/aulas\/course\/index.php?categoryid=136\">01 \u2013 <strong>Linguagens C\u00f3digos e Suas Tecnologias e Reda\u00e7\u00e3o<\/strong><\/a><\/p>\n<\/div>\n\n\n\n<div style=\"height:10px\" aria-hidden=\"true\" class=\"wp-block-spacer\"><\/div>\n\n\n\n<div class=\"wp-block-group has-background is-nowrap is-layout-flex wp-container-core-group-is-layout-ad2f72ca wp-block-group-is-layout-flex\" style=\"background:linear-gradient(135deg,rgb(255,71,0) 37%,rgba(112,43,16,0.8) 100%)\">\n<p class=\"has-white-color has-text-color has-link-color has-medium-font-size wp-elements-529e95d8498369e16d35fd33decbc2dd\"><a href=\"http:\/\/sejaeade5g1.hospedagemdesites.ws\/aulas\/course\/index.php?categoryid=136\">02 \u2013 <strong>Matem\u00e1tica e Suas Tecnologias<\/strong><\/a><\/p>\n<\/div>\n\n\n\n<div style=\"height:10px\" aria-hidden=\"true\" class=\"wp-block-spacer\"><\/div>\n\n\n\n<div class=\"wp-block-group has-background is-nowrap is-layout-flex wp-container-core-group-is-layout-ad2f72ca wp-block-group-is-layout-flex\" style=\"background:linear-gradient(135deg,rgb(255,71,0) 37%,rgba(112,43,16,0.8) 100%)\">\n<p class=\"has-white-color has-text-color has-link-color has-medium-font-size wp-elements-baa1e29028a0ad4d8d9d4695b3ea34a4\"><a href=\"http:\/\/sejaeade5g1.hospedagemdesites.ws\/aulas\/course\/index.php?categoryid=136\">03 \u2013 <strong>Ci\u00eancias Humanas e Suas Tecnologias<\/strong><\/a><\/p>\n<\/div>\n\n\n\n<div style=\"height:10px\" aria-hidden=\"true\" class=\"wp-block-spacer\"><\/div>\n\n\n\n<div class=\"wp-block-group has-background is-nowrap is-layout-flex wp-container-core-group-is-layout-ad2f72ca wp-block-group-is-layout-flex\" style=\"background:linear-gradient(135deg,rgb(255,71,0) 37%,rgba(112,43,16,0.8) 100%)\">\n<p class=\"has-white-color has-text-color has-link-color has-medium-font-size wp-elements-3a8824309e77f7088f4d9d7eefd75ff7\"><a href=\"http:\/\/sejaeade5g1.hospedagemdesites.ws\/aulas\/course\/index.php?categoryid=136\">04 \u2013 <strong>Ci\u00eancias da Natureza e Suas Tecnologia<\/strong><\/a><strong>s<\/strong><\/p>\n<\/div>\n\n\n\n<div style=\"height:70px\" aria-hidden=\"true\" class=\"wp-block-spacer\"><\/div>\n\n\n\n<div class=\"wp-block-buttons is-content-justification-center is-layout-flex wp-container-core-buttons-is-layout-16018d1d wp-block-buttons-is-layout-flex\">\n<div class=\"wp-block-button is-style-fill\"><a class=\"wp-block-button__link has-background has-custom-font-size wp-element-button\" href=\"http:\/\/seja-ead.com.br\/index.php\/matricula\/\" style=\"background:linear-gradient(176deg,rgb(255,71,0) 54%,rgb(170,24,24) 100%);font-size:20px\"><strong>Matr\u00edcule-se agora!<\/strong><\/a><\/div>\n<\/div>\n\n\n\n<p><\/p>\n","protected":false},"excerpt":{"rendered":"<p>Ambiente Virtual de Aprendizagem &#8211; Educa\u00e7\u00e3o a Dist\u00e2ncia . . . No Ensino Fundamental e\/ou Ensino M\u00e9dio suas aulas s\u00e3o distribu\u00eddas pela \u00c1rea do Conhecimento AVA-EaD \u00e9 a plataforma de estudo onde nossos educandos ter\u00e3o acesso os materiais did\u00e1tico das Aulas Presenciais \/ Aulas EaD \/ Simulados (teste de conhecimento semanal)\/Provas Presenciais \/ Provas EaD [&hellip;]<\/p>\n","protected":false},"author":1,"featured_media":0,"parent":0,"menu_order":0,"comment_status":"closed","ping_status":"closed","template":"","meta":{"footnotes":""},"class_list":["post-211","page","type-page","status-publish","hentry"],"_links":{"self":[{"href":"https:\/\/seja-ead.com.br\/index.php\/wp-json\/wp\/v2\/pages\/211","targetHints":{"allow":["GET"]}}],"collection":[{"href":"https:\/\/seja-ead.com.br\/index.php\/wp-json\/wp\/v2\/pages"}],"about":[{"href":"https:\/\/seja-ead.com.br\/index.php\/wp-json\/wp\/v2\/types\/page"}],"author":[{"embeddable":true,"href":"https:\/\/seja-ead.com.br\/index.php\/wp-json\/wp\/v2\/users\/1"}],"replies":[{"embeddable":true,"href":"https:\/\/seja-ead.com.br\/index.php\/wp-json\/wp\/v2\/comments?post=211"}],"version-history":[{"count":18,"href":"https:\/\/seja-ead.com.br\/index.php\/wp-json\/wp\/v2\/pages\/211\/revisions"}],"predecessor-version":[{"id":1289,"href":"https:\/\/seja-ead.com.br\/index.php\/wp-json\/wp\/v2\/pages\/211\/revisions\/1289"}],"wp:attachment":[{"href":"https:\/\/seja-ead.com.br\/index.php\/wp-json\/wp\/v2\/media?parent=211"}],"curies":[{"name":"wp","href":"https:\/\/api.w.org\/{rel}","templated":true}]}}