{"id":225,"date":"2025-04-07T11:37:41","date_gmt":"2025-04-07T14:37:41","guid":{"rendered":"http:\/\/seja-ead.com.br\/?page_id=225"},"modified":"2025-04-15T10:28:31","modified_gmt":"2025-04-15T13:28:31","slug":"documentacao","status":"publish","type":"page","link":"https:\/\/seja-ead.com.br\/index.php\/documentacao\/","title":{"rendered":"Documenta\u00e7\u00e3o"},"content":{"rendered":"\n<h3 class=\"wp-block-heading\">Preencha abaixo os documentos que ficaram faltantes no formul\u00e1rio de inscri\u00e7\u00e3o<br><\/h3>\n\n\n<style id=\"wpforms-css-vars-887-block-642e778c-6ff5-42f2-805c-7b20692fe910\">\n\t\t\t\t#wpforms-887.wpforms-block-642e778c-6ff5-42f2-805c-7b20692fe910 {\n\t\t\t\t--wpforms-page-break-color: #72b239;\n--wpforms-button-background-color: #ff4800;\n--wpforms-field-size-input-height: 43px;\n--wpforms-field-size-input-spacing: 15px;\n--wpforms-field-size-font-size: 16px;\n--wpforms-field-size-line-height: 19px;\n--wpforms-field-size-padding-h: 14px;\n--wpforms-field-size-checkbox-size: 16px;\n--wpforms-field-size-sublabel-spacing: 5px;\n--wpforms-field-size-icon-size: 1;\n--wpforms-label-size-font-size: 16px;\n--wpforms-label-size-line-height: 19px;\n--wpforms-label-size-sublabel-font-size: 14px;\n--wpforms-label-size-sublabel-line-height: 17px;\n--wpforms-button-size-font-size: 17px;\n--wpforms-button-size-height: 41px;\n--wpforms-button-size-padding-h: 15px;\n--wpforms-button-size-margin-top: 10px;\n--wpforms-container-shadow-size-box-shadow: none;\n\n\t\t\t}\n\t\t\t<\/style><div class=\"wpforms-container wpforms-container-full wpforms-block wpforms-block-642e778c-6ff5-42f2-805c-7b20692fe910 wpforms-render-modern\" id=\"wpforms-887\"><form id=\"wpforms-form-887\" class=\"wpforms-validate wpforms-form wpforms-ajax-form\" data-formid=\"887\" method=\"post\" enctype=\"multipart\/form-data\" action=\"\/index.php\/wp-json\/wp\/v2\/pages\/225?wpforms_form_id=887\" data-token=\"8770afffd53f593df87fcb856cc7bb12\" data-token-time=\"1776887456\"><noscript class=\"wpforms-error-noscript\">Ative o JavaScript no seu navegador para preencher este formul\u00e1rio.<\/noscript><div class=\"wpforms-hidden\" id=\"wpforms-error-noscript\">Ative o JavaScript no seu navegador para preencher este formul\u00e1rio.<\/div><div class=\"wpforms-field-container\"><div id=\"wpforms-887-field_8-container\" class=\"wpforms-field wpforms-field-name\" data-field-id=\"8\"><fieldset><legend class=\"wpforms-field-label\">Nome <span class=\"wpforms-required-label\" aria-hidden=\"true\">*<\/span><\/legend><div class=\"wpforms-field-row wpforms-field-medium\"><div class=\"wpforms-field-row-block wpforms-first wpforms-one-half\"><input type=\"text\" id=\"wpforms-887-field_8\" class=\"wpforms-field-name-first wpforms-field-required\" name=\"wpforms[fields][8][first]\" aria-errormessage=\"wpforms-887-field_8-error\" required><label for=\"wpforms-887-field_8\" class=\"wpforms-field-sublabel after\">Nome<\/label><\/div><div class=\"wpforms-field-row-block wpforms-one-half\"><input type=\"text\" id=\"wpforms-887-field_8-last\" class=\"wpforms-field-name-last wpforms-field-required\" name=\"wpforms[fields][8][last]\" aria-errormessage=\"wpforms-887-field_8-last-error\" required><label for=\"wpforms-887-field_8-last\" class=\"wpforms-field-sublabel after\">Sobrenome<\/label><\/div><\/div><\/fieldset><\/div><div id=\"wpforms-887-field_9-container\" class=\"wpforms-field wpforms-field-select wpforms-field-select-style-classic\" data-field-id=\"9\"><label class=\"wpforms-field-label\" for=\"wpforms-887-field_9\">Lista suspensa <span class=\"wpforms-required-label\" aria-hidden=\"true\">*<\/span><\/label><select id=\"wpforms-887-field_9\" class=\"wpforms-field-medium wpforms-field-required\" name=\"wpforms[fields][9]\" required=\"required\"><option value=\"Estou matriculado no 1\u00ba. Ano do Ensino M\u00e9dio\" >Estou matriculado no 1\u00ba. Ano do Ensino M\u00e9dio<\/option><option value=\"Estou matriculado no 2\u00ba. Ano do Ensino M\u00e9dio\" >Estou matriculado no 2\u00ba. Ano do Ensino M\u00e9dio<\/option><option value=\"Estou matriculado no 3\u00ba. Ano do Ensino M\u00e9dio\" >Estou matriculado no 3\u00ba. Ano do Ensino M\u00e9dio<\/option><\/select><\/div><div id=\"wpforms-887-field_2-container\" class=\"wpforms-field wpforms-field-file-upload\" data-field-id=\"2\"><label class=\"wpforms-field-label\" for=\"wpforms-887-field_2\">Anexe seu Comprovante de Resid\u00eancia<\/label><div\n\t\tclass=\"wpforms-uploader\"\n\t\tdata-field-id=\"2\"\n\t\tdata-form-id=\"887\"\n\t\tdata-input-name=\"wpforms_887_2\"\n\t\tdata-extensions=\"pdf,png,jpeg,jpg\"\n\t\tdata-max-size=\"268435456\"\n\t\tdata-max-file-number=\"5\"\n\t\tdata-post-max-size=\"268435456\"\n\t\tdata-max-parallel-uploads=\"4\"\n\t\tdata-parallel-uploads=\"true\"\n\t\tdata-file-chunk-size=\"2097152\">\n\t<div class=\"dz-message\">\n\t\t<svg viewBox=\"0 0 1024 1024\" focusable=\"false\" data-icon=\"inbox\" width=\"50px\" height=\"50px\" fill=\"currentColor\" aria-hidden=\"true\">\n\t\t\t<path d=\"M885.2 446.3l-.2-.8-112.2-285.1c-5-16.1-19.9-27.2-36.8-27.2H281.2c-17 0-32.1 11.3-36.9 27.6L139.4 443l-.3.7-.2.8c-1.3 4.9-1.7 9.9-1 14.8-.1 1.6-.2 3.2-.2 4.8V830a60.9 60.9 0 0 0 60.8 60.8h627.2c33.5 0 60.8-27.3 60.9-60.8V464.1c0-1.3 0-2.6-.1-3.7.4-4.9 0-9.6-1.3-14.1zm-295.8-43l-.3 15.7c-.8 44.9-31.8 75.1-77.1 75.1-22.1 0-41.1-7.1-54.8-20.6S436 441.2 435.6 419l-.3-15.7H229.5L309 210h399.2l81.7 193.3H589.4zm-375 76.8h157.3c24.3 57.1 76 90.8 140.4 90.8 33.7 0 65-9.4 90.3-27.2 22.2-15.6 39.5-37.4 50.7-63.6h156.5V814H214.4V480.1z\"><\/path>\n\t\t<\/svg>\n\t\t<span class=\"modern-title\">Clique ou arraste os arquivos para esta \u00e1rea para fazer upload.<\/span>\n\n\t\t\t\t\t<span class=\"modern-hint\">Voc\u00ea pode enviar at\u00e9 5 arquivos.<\/span>\n\t\t\t<\/div>\n<\/div>\n<input\n\t\ttype=\"text\"\n\t\tautocomplete=\"off\"\n\t\treadonly\n\t\tclass=\"dropzone-input\"\n\t\tstyle=\"position:absolute!important;clip:rect(0,0,0,0)!important;height:1px!important;width:1px!important;border:0!important;overflow:hidden!important;padding:0!important;margin:0!important;\"\n\t\tid=\"wpforms-887-field_2\"\n\t\tname=\"wpforms_887_2\" \t\tvalue=\"\">\n<div id=\"wpforms-887-field_2-description\" class=\"wpforms-field-description\">Enviar imagem por foto e\/ou digitalizado <\/div><\/div><div id=\"wpforms-887-field_3-container\" class=\"wpforms-field wpforms-field-file-upload\" data-field-id=\"3\"><label class=\"wpforms-field-label\" for=\"wpforms-887-field_3\">Anexe abaixo sua Certid\u00e3o de Nascimento, Casamento ou Averba\u00e7\u00e3o de Div\u00f3rcio<\/label><div\n\t\tclass=\"wpforms-uploader\"\n\t\tdata-field-id=\"3\"\n\t\tdata-form-id=\"887\"\n\t\tdata-input-name=\"wpforms_887_3\"\n\t\tdata-extensions=\"pdf,png,jpeg,jpg\"\n\t\tdata-max-size=\"268435456\"\n\t\tdata-max-file-number=\"5\"\n\t\tdata-post-max-size=\"268435456\"\n\t\tdata-max-parallel-uploads=\"4\"\n\t\tdata-parallel-uploads=\"true\"\n\t\tdata-file-chunk-size=\"2097152\">\n\t<div class=\"dz-message\">\n\t\t<svg viewBox=\"0 0 1024 1024\" focusable=\"false\" data-icon=\"inbox\" width=\"50px\" height=\"50px\" fill=\"currentColor\" aria-hidden=\"true\">\n\t\t\t<path d=\"M885.2 446.3l-.2-.8-112.2-285.1c-5-16.1-19.9-27.2-36.8-27.2H281.2c-17 0-32.1 11.3-36.9 27.6L139.4 443l-.3.7-.2.8c-1.3 4.9-1.7 9.9-1 14.8-.1 1.6-.2 3.2-.2 4.8V830a60.9 60.9 0 0 0 60.8 60.8h627.2c33.5 0 60.8-27.3 60.9-60.8V464.1c0-1.3 0-2.6-.1-3.7.4-4.9 0-9.6-1.3-14.1zm-295.8-43l-.3 15.7c-.8 44.9-31.8 75.1-77.1 75.1-22.1 0-41.1-7.1-54.8-20.6S436 441.2 435.6 419l-.3-15.7H229.5L309 210h399.2l81.7 193.3H589.4zm-375 76.8h157.3c24.3 57.1 76 90.8 140.4 90.8 33.7 0 65-9.4 90.3-27.2 22.2-15.6 39.5-37.4 50.7-63.6h156.5V814H214.4V480.1z\"><\/path>\n\t\t<\/svg>\n\t\t<span class=\"modern-title\">Clique ou arraste os arquivos para esta \u00e1rea para fazer upload.<\/span>\n\n\t\t\t\t\t<span class=\"modern-hint\">Voc\u00ea pode enviar at\u00e9 5 arquivos.<\/span>\n\t\t\t<\/div>\n<\/div>\n<input\n\t\ttype=\"text\"\n\t\tautocomplete=\"off\"\n\t\treadonly\n\t\tclass=\"dropzone-input\"\n\t\tstyle=\"position:absolute!important;clip:rect(0,0,0,0)!important;height:1px!important;width:1px!important;border:0!important;overflow:hidden!important;padding:0!important;margin:0!important;\"\n\t\tid=\"wpforms-887-field_3\"\n\t\tname=\"wpforms_887_3\" \t\tvalue=\"\">\n<div id=\"wpforms-887-field_3-description\" class=\"wpforms-field-description\">Enviar imagem por foto e\/ou digitalizado<\/div><\/div><div id=\"wpforms-887-field_4-container\" class=\"wpforms-field wpforms-field-file-upload\" data-field-id=\"4\"><label class=\"wpforms-field-label\" for=\"wpforms-887-field_4\">Anexe seu Hist\u00f3rico Escolar<\/label><div\n\t\tclass=\"wpforms-uploader\"\n\t\tdata-field-id=\"4\"\n\t\tdata-form-id=\"887\"\n\t\tdata-input-name=\"wpforms_887_4\"\n\t\tdata-extensions=\"pdf,png,jpeg,jpg\"\n\t\tdata-max-size=\"268435456\"\n\t\tdata-max-file-number=\"5\"\n\t\tdata-post-max-size=\"268435456\"\n\t\tdata-max-parallel-uploads=\"4\"\n\t\tdata-parallel-uploads=\"true\"\n\t\tdata-file-chunk-size=\"2097152\">\n\t<div class=\"dz-message\">\n\t\t<svg viewBox=\"0 0 1024 1024\" focusable=\"false\" data-icon=\"inbox\" width=\"50px\" height=\"50px\" fill=\"currentColor\" aria-hidden=\"true\">\n\t\t\t<path d=\"M885.2 446.3l-.2-.8-112.2-285.1c-5-16.1-19.9-27.2-36.8-27.2H281.2c-17 0-32.1 11.3-36.9 27.6L139.4 443l-.3.7-.2.8c-1.3 4.9-1.7 9.9-1 14.8-.1 1.6-.2 3.2-.2 4.8V830a60.9 60.9 0 0 0 60.8 60.8h627.2c33.5 0 60.8-27.3 60.9-60.8V464.1c0-1.3 0-2.6-.1-3.7.4-4.9 0-9.6-1.3-14.1zm-295.8-43l-.3 15.7c-.8 44.9-31.8 75.1-77.1 75.1-22.1 0-41.1-7.1-54.8-20.6S436 441.2 435.6 419l-.3-15.7H229.5L309 210h399.2l81.7 193.3H589.4zm-375 76.8h157.3c24.3 57.1 76 90.8 140.4 90.8 33.7 0 65-9.4 90.3-27.2 22.2-15.6 39.5-37.4 50.7-63.6h156.5V814H214.4V480.1z\"><\/path>\n\t\t<\/svg>\n\t\t<span class=\"modern-title\">Clique ou arraste os arquivos para esta \u00e1rea para fazer upload.<\/span>\n\n\t\t\t\t\t<span class=\"modern-hint\">Voc\u00ea pode enviar at\u00e9 5 arquivos.<\/span>\n\t\t\t<\/div>\n<\/div>\n<input\n\t\ttype=\"text\"\n\t\tautocomplete=\"off\"\n\t\treadonly\n\t\tclass=\"dropzone-input\"\n\t\tstyle=\"position:absolute!important;clip:rect(0,0,0,0)!important;height:1px!important;width:1px!important;border:0!important;overflow:hidden!important;padding:0!important;margin:0!important;\"\n\t\tid=\"wpforms-887-field_4\"\n\t\tname=\"wpforms_887_4\" \t\tvalue=\"\">\n<div id=\"wpforms-887-field_4-description\" class=\"wpforms-field-description\">Enviar  por foto e\/ou digitalizado *OBRIGAT\u00d3RIO ENVIAR DOCUMENTO ORIGINAL PARA O SEJA-EAD por determina\u00e7\u00e3o da SEED\/Pr e CEE\/Pr e MEC (LDB 9394\/96)* . . .\n\nCaso seu Hist\u00f3rico Escolar conter Assinatura Digital reconhecido pela SEED homologado pelo CEE e MEC, ser\u00e1 dispensado a entrega do &#8220;Documento Original&#8221;\n<\/div><\/div><div id=\"wpforms-887-field_7-container\" class=\"wpforms-field wpforms-field-divider\" data-field-id=\"7\"><h3 id=\"wpforms-887-field_7\" aria-errormessage=\"wpforms-887-field_7-error\">Envio do Formul\u00e1rio<\/h3><\/div><div id=\"wpforms-887-field_5-container\" class=\"wpforms-field wpforms-field-email\" data-field-id=\"5\"><label class=\"wpforms-field-label\" for=\"wpforms-887-field_5\">Insira abaixo um e-mail para receber uma c\u00f3pia deste formul\u00e1rio<\/label><input type=\"email\" id=\"wpforms-887-field_5\" class=\"wpforms-field-medium\" name=\"wpforms[fields][5]\" spellcheck=\"false\" aria-errormessage=\"wpforms-887-field_5-error\" ><\/div><div id=\"wpforms-887-field_6-container\" class=\"wpforms-field wpforms-field-email\" data-field-id=\"6\"><label class=\"wpforms-field-label\" for=\"wpforms-887-field_6\">Insira abaixo o e-mail se for um Indicador de Neg\u00f3cios<\/label><input type=\"email\" id=\"wpforms-887-field_6\" class=\"wpforms-field-medium\" name=\"wpforms[fields][6]\" spellcheck=\"false\" aria-errormessage=\"wpforms-887-field_6-error\" ><\/div><\/div><!-- .wpforms-field-container --><div class=\"wpforms-submit-container\" ><input type=\"hidden\" name=\"wpforms[id]\" value=\"887\"><input type=\"hidden\" name=\"page_title\" value=\"\"><input type=\"hidden\" name=\"page_url\" value=\"https:\/\/seja-ead.com.br\/index.php\/wp-json\/wp\/v2\/pages\/225\"><input type=\"hidden\" name=\"url_referer\" value=\"\"><button type=\"submit\" name=\"wpforms[submit]\" id=\"wpforms-submit-887\" class=\"wpforms-submit\" data-alt-text=\"Enviando\u2026\" data-submit-text=\"Enviar Formul\u00e1rio\" aria-live=\"assertive\" value=\"wpforms-submit\">Enviar Formul\u00e1rio<\/button><img loading=\"lazy\" decoding=\"async\" src=\"https:\/\/seja-ead.com.br\/wp-content\/plugins\/wpforms\/assets\/images\/submit-spin.svg\" class=\"wpforms-submit-spinner\" style=\"display: none;\" width=\"26\" height=\"26\" alt=\"Carregando\"><\/div><\/form><\/div>  <!-- .wpforms-container -->","protected":false},"excerpt":{"rendered":"<p>Preencha abaixo os documentos que ficaram faltantes no formul\u00e1rio de inscri\u00e7\u00e3o<\/p>\n","protected":false},"author":1,"featured_media":0,"parent":0,"menu_order":0,"comment_status":"closed","ping_status":"closed","template":"","meta":{"footnotes":""},"class_list":["post-225","page","type-page","status-publish","hentry"],"_links":{"self":[{"href":"https:\/\/seja-ead.com.br\/index.php\/wp-json\/wp\/v2\/pages\/225","targetHints":{"allow":["GET"]}}],"collection":[{"href":"https:\/\/seja-ead.com.br\/index.php\/wp-json\/wp\/v2\/pages"}],"about":[{"href":"https:\/\/seja-ead.com.br\/index.php\/wp-json\/wp\/v2\/types\/page"}],"author":[{"embeddable":true,"href":"https:\/\/seja-ead.com.br\/index.php\/wp-json\/wp\/v2\/users\/1"}],"replies":[{"embeddable":true,"href":"https:\/\/seja-ead.com.br\/index.php\/wp-json\/wp\/v2\/comments?post=225"}],"version-history":[{"count":9,"href":"https:\/\/seja-ead.com.br\/index.php\/wp-json\/wp\/v2\/pages\/225\/revisions"}],"predecessor-version":[{"id":901,"href":"https:\/\/seja-ead.com.br\/index.php\/wp-json\/wp\/v2\/pages\/225\/revisions\/901"}],"wp:attachment":[{"href":"https:\/\/seja-ead.com.br\/index.php\/wp-json\/wp\/v2\/media?parent=225"}],"curies":[{"name":"wp","href":"https:\/\/api.w.org\/{rel}","templated":true}]}}