{"id":238,"date":"2025-04-07T11:42:02","date_gmt":"2025-04-07T14:42:02","guid":{"rendered":"https:\/\/seja-ead.com.br\/?page_id=238"},"modified":"2025-05-20T22:28:34","modified_gmt":"2025-05-21T01:28:34","slug":"matricula-2","status":"publish","type":"page","link":"https:\/\/seja-ead.com.br\/index.php\/matricula-2\/","title":{"rendered":"Matr\u00edcula"},"content":{"rendered":"\n<h4 class=\"wp-block-heading has-text-align-center\"><strong>Seja Voc\u00ea Tamb\u00e9m Algu\u00e9m de Valor . . . Matricule-se Hoje Mesmo no SEJA-EaD Supletivo<\/strong><\/h4>\n\n\n\n<div style=\"height:15px\" aria-hidden=\"true\" class=\"wp-block-spacer\"><\/div>\n\n\n\n<hr class=\"wp-block-separator has-alpha-channel-opacity\"\/>\n\n\n\n<div style=\"height:15px\" aria-hidden=\"true\" class=\"wp-block-spacer\"><\/div>\n\n\n\n<div style=\"height:15px\" aria-hidden=\"true\" class=\"wp-block-spacer\"><\/div>\n\n\n\n<h5 class=\"wp-block-heading has-text-align-center\" style=\"font-size:17px\">Voc\u00ea Mesmo Poder\u00e1 Realizar Sua Matr\u00edcula . . . \u00c9 S\u00f3 ir em INSCRI\u00c7\u00c3O \/ Matr\u00edcula SEJA-EAD<\/h5>\n\n\n\n<p><\/p>\n\n\n\n<p class=\"has-text-align-center\"><strong>Antes de Acessar Sua Matr\u00edcula . . . Fa\u00e7a uma Foto com seu celular dos documentos de  Seu R.G. \/ C.P.F . ou C.N.H. e do Comprovante de Endere\u00e7o, deixe a &#8220;FOTO&#8221; desses documentos em seu Celular ou Computador . . .  e Siga os Passos a Passos dos V\u00eddeos <\/strong>a Seguir.<\/p>\n\n\n\n<div style=\"height:15px\" aria-hidden=\"true\" class=\"wp-block-spacer\"><\/div>\n\n\n\n<hr class=\"wp-block-separator has-alpha-channel-opacity\"\/>\n\n\n\n<h5 class=\"wp-block-heading has-text-align-center\" style=\"font-size:17px\">1\u00aa. \u00a0Op\u00e7\u00e3o \u2013 Em nosso site, no \u201cMENU de Barra Superior\u201d clique em &#8220;Inscri\u00e7\u00e3o&#8221; e ap\u00f3s  clique em \u201cMatr\u00edcula Seja-EaD\u201d.  Assista aos v\u00eddeos na sequ\u00eancia contendo o 1\u00ba. Passo e 2\u00ba. Passo para a efetiva\u00e7\u00e3o de sua matr\u00edcula e seja bem-vindos ao Seja-EaD. <\/h5>\n\n\n\n<div style=\"height:15px\" aria-hidden=\"true\" class=\"wp-block-spacer\"><\/div>\n\n\n\n<div class=\"wp-block-media-text is-stacked-on-mobile is-vertically-aligned-center\" style=\"grid-template-columns:63% auto\"><figure class=\"wp-block-media-text__media\"><video controls src=\"http:\/\/seja-ead.com.br\/wp-content\/uploads\/2025\/05\/01A-Matricular-se-no-SEJA-EaD.mp4\"><\/video><\/figure><div class=\"wp-block-media-text__content\">\n<p><\/p>\n<\/div><\/div>\n\n\n\n<div style=\"height:15px\" aria-hidden=\"true\" class=\"wp-block-spacer\"><\/div>\n\n\n\n<h5 class=\"wp-block-heading has-text-align-center\" style=\"font-size:17px\">caso tenha d\u00favidas acesse no \u201cMENU de Barra Superior\u201d clique na proposta do \u201cEnsino Fundamental II e\/ou Ensino M\u00e9dio\u201d <\/h5>\n\n\n\n<div style=\"height:15px\" aria-hidden=\"true\" class=\"wp-block-spacer\"><\/div>\n\n\n\n<hr class=\"wp-block-separator has-alpha-channel-opacity\"\/>\n\n\n\n<h5 class=\"wp-block-heading has-text-align-center\" style=\"font-size:17px\">2\u00aa. \u00a0Op\u00e7\u00e3o \u2013 Assista na integra o v\u00eddeo abaixo contendo o 3\u00ba. Passo e 4\u00ba. Passo para a efetiva\u00e7\u00e3o de sua matr\u00edcula.  S\u00f3 n\u00e3o esquecer de tirar a foto de seus documentos antes de prosseguir o passo a passo.<\/h5>\n\n\n\n<div style=\"height:15px\" aria-hidden=\"true\" class=\"wp-block-spacer\"><\/div>\n\n\n\n<div class=\"wp-block-media-text is-stacked-on-mobile is-vertically-aligned-center\" style=\"grid-template-columns:63% auto\"><figure class=\"wp-block-media-text__media\"><video controls src=\"http:\/\/seja-ead.com.br\/wp-content\/uploads\/2025\/05\/03A-Matricula-Passo-_3-e-4_-_-SEJA-EaD.mp4\"><\/video><\/figure><div class=\"wp-block-media-text__content\">\n<p><\/p>\n<\/div><\/div>\n\n\n\n<div style=\"height:15px\" aria-hidden=\"true\" class=\"wp-block-spacer\"><\/div>\n\n\n\n<h5 class=\"wp-block-heading has-text-align-center\" style=\"font-size:17px\">caso tenha d\u00favidas acesse no \u201cMENU de Barra Superior\u201d clique na proposta do \u201cEnsino Fundamental II e\/ou Ensino M\u00e9dio\u201d e entenda a diferen\u00e7a<\/h5>\n\n\n\n<div style=\"height:15px\" aria-hidden=\"true\" class=\"wp-block-spacer\"><\/div>\n\n\n\n<hr class=\"wp-block-separator has-alpha-channel-opacity\"\/>\n\n\n\n<h5 class=\"wp-block-heading has-text-align-center\" style=\"font-size:17px\">3\u00aa. \u00a0Op\u00e7\u00e3o \u2013 Assistir na integra o v\u00eddeo abaixo contendo o 5\u00ba. Passo e 6\u00ba. Passo na efetiva\u00e7\u00e3o de sua matr\u00edcula<\/h5>\n\n\n\n<div style=\"height:15px\" aria-hidden=\"true\" class=\"wp-block-spacer\"><\/div>\n\n\n\n<div class=\"wp-block-media-text is-stacked-on-mobile\" style=\"grid-template-columns:63% auto\"><figure class=\"wp-block-media-text__media\"><video controls src=\"http:\/\/seja-ead.com.br\/wp-content\/uploads\/2025\/05\/04A-Matricula-Passo-_5-e-6_-_-SEJA-EaD.mp4\"><\/video><\/figure><div class=\"wp-block-media-text__content\">\n<p><\/p>\n<\/div><\/div>\n\n\n\n<h5 class=\"wp-block-heading has-text-align-center\" style=\"font-size:17px\">caso tenha d\u00favidas acesse no \u201cMENU de Barra Superior\u201d clique na proposta do \u201cEnsino Fundamental II e\/ou Ensino M\u00e9dio\u201d e entenda a diferen\u00e7a<\/h5>\n\n\n\n<hr class=\"wp-block-separator has-alpha-channel-opacity\"\/>\n\n\n\n<h5 class=\"wp-block-heading has-text-align-center\" style=\"font-size:17px\">4\u00aa. \u00a0Op\u00e7\u00e3o \u2013 Assista na integra o v\u00eddeo abaixo contendo o 7\u00ba. Passo e 8\u00ba. Passo para a efetiva\u00e7\u00e3o de sua matr\u00edcula.  S\u00f3 n\u00e3o esquecer de tirar a foto de seus documentos antes de prosseguir o passo a passo.<\/h5>\n\n\n\n<div style=\"height:15px\" aria-hidden=\"true\" class=\"wp-block-spacer\"><\/div>\n\n\n\n<div class=\"wp-block-media-text is-stacked-on-mobile is-vertically-aligned-center\" style=\"grid-template-columns:63% auto\"><figure class=\"wp-block-media-text__media\"><video controls src=\"http:\/\/seja-ead.com.br\/wp-content\/uploads\/2025\/05\/05A-Matricula-Passo_7-e-8_-_-SEJA-EaD.mp4\"><\/video><\/figure><div class=\"wp-block-media-text__content\">\n<p><\/p>\n<\/div><\/div>\n","protected":false},"excerpt":{"rendered":"<p>Seja Voc\u00ea Tamb\u00e9m Algu\u00e9m de Valor . . . Matricule-se Hoje Mesmo no SEJA-EaD Supletivo Voc\u00ea Mesmo Poder\u00e1 Realizar Sua Matr\u00edcula . . . \u00c9 S\u00f3 ir em INSCRI\u00c7\u00c3O \/ Matr\u00edcula SEJA-EAD Antes de Acessar Sua Matr\u00edcula . . . Fa\u00e7a uma Foto com seu celular dos documentos de Seu R.G. \/ C.P.F . ou [&hellip;]<\/p>\n","protected":false},"author":1,"featured_media":0,"parent":0,"menu_order":0,"comment_status":"closed","ping_status":"closed","template":"","meta":{"footnotes":""},"class_list":["post-238","page","type-page","status-publish","hentry"],"_links":{"self":[{"href":"https:\/\/seja-ead.com.br\/index.php\/wp-json\/wp\/v2\/pages\/238","targetHints":{"allow":["GET"]}}],"collection":[{"href":"https:\/\/seja-ead.com.br\/index.php\/wp-json\/wp\/v2\/pages"}],"about":[{"href":"https:\/\/seja-ead.com.br\/index.php\/wp-json\/wp\/v2\/types\/page"}],"author":[{"embeddable":true,"href":"https:\/\/seja-ead.com.br\/index.php\/wp-json\/wp\/v2\/users\/1"}],"replies":[{"embeddable":true,"href":"https:\/\/seja-ead.com.br\/index.php\/wp-json\/wp\/v2\/comments?post=238"}],"version-history":[{"count":42,"href":"https:\/\/seja-ead.com.br\/index.php\/wp-json\/wp\/v2\/pages\/238\/revisions"}],"predecessor-version":[{"id":1339,"href":"https:\/\/seja-ead.com.br\/index.php\/wp-json\/wp\/v2\/pages\/238\/revisions\/1339"}],"wp:attachment":[{"href":"https:\/\/seja-ead.com.br\/index.php\/wp-json\/wp\/v2\/media?parent=238"}],"curies":[{"name":"wp","href":"https:\/\/api.w.org\/{rel}","templated":true}]}}