{"id":309,"date":"2025-04-07T14:47:13","date_gmt":"2025-04-07T17:47:13","guid":{"rendered":"https:\/\/seja-ead.com.br\/?page_id=309"},"modified":"2025-04-10T13:45:16","modified_gmt":"2025-04-10T16:45:16","slug":"preparatorio-2","status":"publish","type":"page","link":"https:\/\/seja-ead.com.br\/index.php\/preparatorio-2\/","title":{"rendered":"Preparat\u00f3rio"},"content":{"rendered":"\n<h4 class=\"wp-block-heading has-text-align-center has-black-color has-text-color has-link-color wp-elements-2d285394451a0d8623028b3d8b3d9701\">Cursos Preparat\u00f3rios para Concursos P\u00fablicos ou Prova do ENNCEJA&nbsp;<\/h4>\n\n\n\n<div style=\"height:15px\" aria-hidden=\"true\" class=\"wp-block-spacer\"><\/div>\n\n\n\n<hr class=\"wp-block-separator has-alpha-channel-opacity\"\/>\n\n\n\n<div style=\"height:15px\" aria-hidden=\"true\" class=\"wp-block-spacer\"><\/div>\n\n\n\n<h5 class=\"wp-block-heading has-text-align-center has-black-color has-text-color has-link-color wp-elements-16a31746033e8b2997fb0756e280b222\" style=\"font-size:17px\">Pensando em seu futuro com estabilidade de emprego, ou deseja concluir seus estudos por meio de uma prova \u00fanica . . . N\u00f3s do SEJA-EAD temos a solu\u00e7\u00e3o.<\/h5>\n\n\n\n<div style=\"height:15px\" aria-hidden=\"true\" class=\"wp-block-spacer\"><\/div>\n\n\n\n<hr class=\"wp-block-separator has-alpha-channel-opacity\"\/>\n\n\n\n<div style=\"height:100px\" aria-hidden=\"true\" class=\"wp-block-spacer\"><\/div>\n\n\n\n<div class=\"wp-block-columns is-layout-flex wp-container-core-columns-is-layout-9d6595d7 wp-block-columns-is-layout-flex\">\n<div class=\"wp-block-column is-layout-flow wp-block-column-is-layout-flow\" style=\"flex-basis:37%\">\n<figure class=\"wp-block-image size-full\"><img loading=\"lazy\" decoding=\"async\" width=\"750\" height=\"430\" src=\"http:\/\/seja-ead.com.br\/wp-content\/uploads\/2025\/04\/Concursos.png\" alt=\"\" class=\"wp-image-305\" srcset=\"https:\/\/seja-ead.com.br\/wp-content\/uploads\/2025\/04\/Concursos.png 750w, https:\/\/seja-ead.com.br\/wp-content\/uploads\/2025\/04\/Concursos-300x172.png 300w\" sizes=\"auto, (max-width: 750px) 100vw, 750px\" \/><\/figure>\n\n\n\n<div style=\"height:15px\" aria-hidden=\"true\" class=\"wp-block-spacer\"><\/div>\n\n\n\n<figure class=\"wp-block-image size-full\"><img loading=\"lazy\" decoding=\"async\" width=\"800\" height=\"450\" src=\"http:\/\/seja-ead.com.br\/wp-content\/uploads\/2025\/04\/ENCCEJA.jpg\" alt=\"\" class=\"wp-image-299\" srcset=\"https:\/\/seja-ead.com.br\/wp-content\/uploads\/2025\/04\/ENCCEJA.jpg 800w, https:\/\/seja-ead.com.br\/wp-content\/uploads\/2025\/04\/ENCCEJA-300x169.jpg 300w, https:\/\/seja-ead.com.br\/wp-content\/uploads\/2025\/04\/ENCCEJA-768x432.jpg 768w\" sizes=\"auto, (max-width: 800px) 100vw, 800px\" \/><\/figure>\n<\/div>\n\n\n\n<div class=\"wp-block-column is-layout-flow wp-block-column-is-layout-flow\" style=\"flex-basis:63%\">\n<p class=\"has-white-color has-text-color has-background has-link-color wp-elements-134e08adddf9cf486de0eb10d8903e52\" style=\"background-color:#ff4700;font-size:18px\"><strong>Ofertamos cursos preparat\u00e9rio para concursos p\u00fablicos, e de acordo com cada edital proposto pelo governo estaudal e\/ou federal, teremos uma grade que atender\u00e1 suas expectativas e sua realidade com seguran\u00e7a, focado em seus objetivos e resultados de aprova\u00e7\u00e3o, venha voc\u00ea tamb\u00e9m para o SEJA-EaD<\/strong><\/p>\n\n\n\n<div style=\"height:10px\" aria-hidden=\"true\" class=\"wp-block-spacer\"><\/div>\n\n\n\n<p class=\"has-white-color has-text-color has-background has-link-color wp-elements-913adf7c4e5a923e261d12a234721781\" style=\"background-color:#ff4700;font-size:18px\"><strong>Prova do ENCCEJA<br>Voc\u00ea&nbsp; procura ter o CERTIFICADO de CONCLUS\u00c3O do Ensino Fundamental e M\u00e9dio em uma \u00fanica Prova, o caminho mais seguro \u00e9 a PROVA do ENNCEJA.<\/strong><\/p>\n\n\n\n<div style=\"height:10px\" aria-hidden=\"true\" class=\"wp-block-spacer\"><\/div>\n\n\n\n<p class=\"has-white-color has-text-color has-background has-link-color wp-elements-cf7661c5cb3b04d7839778c36744d2e7\" style=\"background-color:#ff4700;font-size:18px\"><strong>Trata-se de uma prova realizada pelo MEC\/INEP gerenciada pelo Governo Federal, que garante a possibilidade de CERTIFICA\u00c7\u00c3O do ENSINO FUNDAMENTAL e\/ou M\u00c8DIO.<\/strong><\/p>\n<\/div>\n<\/div>\n\n\n\n<div style=\"height:15px\" aria-hidden=\"true\" class=\"wp-block-spacer\"><\/div>\n\n\n\n<hr class=\"wp-block-separator has-alpha-channel-opacity\"\/>\n\n\n\n<div style=\"height:15px\" aria-hidden=\"true\" class=\"wp-block-spacer\"><\/div>\n\n\n\n<h4 class=\"wp-block-heading has-text-align-center has-medium-font-size\">Qual a diferen\u00e7a do EJA-EaD e do ENCCEJA?<\/h4>\n\n\n\n<div style=\"height:15px\" aria-hidden=\"true\" class=\"wp-block-spacer\"><\/div>\n\n\n\n<p class=\"has-text-align-center has-black-color has-text-color has-link-color wp-elements-4db1c2171e5c3aee34ba91656e662c8f\" style=\"font-size:17px\"><strong>O EJA-EaD s\u00e3o escolas credenciadas pela Secretaria de Educa\u00e7\u00e3o e convalidada pelo Conselho de Educa\u00e7\u00e3o, em acordo a LDB 9394\/96, assim sendo, os &#8220;Alunos Fazem Suas Provas na Pr\u00f3pria Escola&#8221; que tem em seu projeto a legalidade de CERTIFICA\u00c7\u00c3O dos alunos.<\/strong><\/p>\n\n\n\n<p class=\"has-text-align-center has-black-color has-text-color has-link-color wp-elements-f4de509f2f1f37dcfd4b750f70852565\" style=\"font-size:17px\"><strong>J\u00e1 o ENCCEJA poder\u00e1 ser gerenciado por CURSOS LIVRES que n\u00e3o requisita nenhum tipo de credenciamento, tratando-se apenas de um preparat\u00f3rio, assim sendo, toda a responsabilidade de realiza\u00e7\u00e3o da prova e emiss\u00e3o do certificado fica a cargo dos Governos Estaduais e Federais.<\/strong><\/p>\n\n\n\n<div style=\"height:15px\" aria-hidden=\"true\" class=\"wp-block-spacer\"><\/div>\n\n\n\n<hr class=\"wp-block-separator has-alpha-channel-opacity\"\/>\n\n\n\n<div style=\"height:25px\" aria-hidden=\"true\" class=\"wp-block-spacer\"><\/div>\n\n\n\n<h4 class=\"wp-block-heading has-text-align-center has-medium-font-size\">N\u00e3o Caia em GOLPES !!! <\/h4>\n\n\n\n<div style=\"height:15px\" aria-hidden=\"true\" class=\"wp-block-spacer\"><\/div>\n\n\n\n<p class=\"has-text-align-center has-black-color has-text-color has-link-color wp-elements-982b22bebc736e2b99c8d8dd3d53283e\" style=\"font-size:17px\"><strong>Se onde voc\u00ea for estudar, for uma empresa de cursos n\u00e3o escola, e te ofertarem  fazer uma prova \u00fanica possivelmente \u00e9 a Prova do Governo ENCCEJA<\/strong><\/p>\n\n\n\n<p class=\"has-text-align-center has-black-color has-text-color has-link-color wp-elements-429eb70823d57a137f0205124880c74b\" style=\"font-size:17px\"><strong>Agora que voc\u00ea sabe da verdadeira diferen\u00e7a, venha hoje mesmo para o SEJA-EAD, e tenha sua op\u00e7\u00e3o de estudar com professores de verdade em Tutorias, tendo acesso a videoaulas, apostilas, simulados e teste em provas modelo j\u00e1 aplicado em anos anteriores pelo MEC\/INEP<br>Se habilite a prestar a Prova do ENCCEJA pelo SEJA-EaD<\/strong><\/p>\n\n\n\n<div style=\"height:15px\" aria-hidden=\"true\" class=\"wp-block-spacer\"><\/div>\n\n\n\n<hr class=\"wp-block-separator has-alpha-channel-opacity\"\/>\n\n\n\n<div style=\"height:30px\" aria-hidden=\"true\" class=\"wp-block-spacer\"><\/div>\n\n\n\n<h5 class=\"wp-block-heading has-text-align-left has-medium-font-size\">Quais os Cursos Para CONCURSOS P\u00daBLICOS Posso Estudar no SEJA-EaD<\/h5>\n\n\n\n<div style=\"height:30px\" aria-hidden=\"true\" class=\"wp-block-spacer\"><\/div>\n\n\n\n<div class=\"wp-block-group has-background is-nowrap is-layout-flex wp-container-core-group-is-layout-ad2f72ca wp-block-group-is-layout-flex\" style=\"background:linear-gradient(135deg,rgb(255,71,0) 37%,rgba(112,43,16,0.8) 100%)\">\n<p class=\"has-white-color has-text-color has-link-color has-medium-font-size wp-elements-655c1cae983e4e6bd7bfc58a8e2fa071\"><strong>01 &#8211; Policia Federal<\/strong><\/p>\n<\/div>\n\n\n\n<div style=\"height:15px\" aria-hidden=\"true\" class=\"wp-block-spacer\"><\/div>\n\n\n\n<div class=\"wp-block-group has-background is-nowrap is-layout-flex wp-container-core-group-is-layout-ad2f72ca wp-block-group-is-layout-flex\" style=\"background:linear-gradient(135deg,rgb(255,71,0) 37%,rgba(112,43,16,0.8) 100%)\">\n<p class=\"has-white-color has-text-color has-link-color has-medium-font-size wp-elements-e0ea08c3297ac8db13cc90114697bd9e\"><strong>02 &#8211; Policia Rodovi\u00e1ria Federal<\/strong><\/p>\n<\/div>\n\n\n\n<div style=\"height:15px\" aria-hidden=\"true\" class=\"wp-block-spacer\"><\/div>\n\n\n\n<div class=\"wp-block-group has-background is-nowrap is-layout-flex wp-container-core-group-is-layout-ad2f72ca wp-block-group-is-layout-flex\" style=\"background:linear-gradient(135deg,rgb(255,71,0) 37%,rgba(112,43,16,0.8) 100%)\">\n<p class=\"has-white-color has-text-color has-link-color has-medium-font-size wp-elements-462ebb2423b57730614c8c4dc6fa6887\"><strong>03 &#8211; Banco do Brasil<\/strong><\/p>\n<\/div>\n\n\n\n<div style=\"height:15px\" aria-hidden=\"true\" class=\"wp-block-spacer\"><\/div>\n\n\n\n<div class=\"wp-block-group has-background is-nowrap is-layout-flex wp-container-core-group-is-layout-ad2f72ca wp-block-group-is-layout-flex\" style=\"background:linear-gradient(135deg,rgb(255,71,0) 37%,rgba(112,43,16,0.8) 100%)\">\n<p class=\"has-white-color has-text-color has-link-color has-medium-font-size wp-elements-247a4d0d81fd24cd006f93fe1711776b\"><strong>04 \u2013 Concurso Governo Federal<\/strong><\/p>\n<\/div>\n\n\n\n<div style=\"height:15px\" aria-hidden=\"true\" class=\"wp-block-spacer\"><\/div>\n\n\n\n<div class=\"wp-block-group has-background is-nowrap is-layout-flex wp-container-core-group-is-layout-ad2f72ca wp-block-group-is-layout-flex\" style=\"background:linear-gradient(135deg,rgb(255,71,0) 37%,rgba(112,43,16,0.8) 100%)\">\n<p class=\"has-white-color has-text-color has-link-color has-medium-font-size wp-elements-f671fb6f38c1faa40e4d3040adea5aa3\"><strong>05\u2013 Concurso Governo Estadual<\/strong><\/p>\n<\/div>\n\n\n\n<div style=\"height:15px\" aria-hidden=\"true\" class=\"wp-block-spacer\"><\/div>\n\n\n\n<div class=\"wp-block-group has-background is-nowrap is-layout-flex wp-container-core-group-is-layout-ad2f72ca wp-block-group-is-layout-flex\" style=\"background:linear-gradient(135deg,rgb(255,71,0) 37%,rgba(112,43,16,0.8) 100%)\">\n<p class=\"has-white-color has-text-color has-link-color has-medium-font-size wp-elements-c77cef737bf6d69518e1eafddc378a43\"><strong>06 \u2013 Concursos em Prefeituras<\/strong><\/p>\n<\/div>\n\n\n\n<div style=\"height:15px\" aria-hidden=\"true\" class=\"wp-block-spacer\"><\/div>\n\n\n\n<div class=\"wp-block-group has-background is-nowrap is-layout-flex wp-container-core-group-is-layout-ad2f72ca wp-block-group-is-layout-flex\" style=\"background:linear-gradient(135deg,rgb(255,71,0) 37%,rgba(112,43,16,0.8) 100%)\">\n<p class=\"has-white-color has-text-color has-link-color has-medium-font-size wp-elements-03a9e81b1fd0f0cd2d38283dffc0fb96\"><strong>07 \u2013 Pol\u00edcia Militar<\/strong><\/p>\n<\/div>\n\n\n\n<div style=\"height:15px\" aria-hidden=\"true\" class=\"wp-block-spacer\"><\/div>\n\n\n\n<div class=\"wp-block-group has-background is-nowrap is-layout-flex wp-container-core-group-is-layout-ad2f72ca wp-block-group-is-layout-flex\" style=\"background:linear-gradient(135deg,rgb(255,71,0) 37%,rgba(112,43,16,0.8) 100%)\">\n<p class=\"has-white-color has-text-color has-link-color has-medium-font-size wp-elements-fad27cbc1eb06db0b01c3bf7dbe1ee58\"><strong>08 \u2013 Guarda Municipal<\/strong><\/p>\n<\/div>\n\n\n\n<div style=\"height:70px\" aria-hidden=\"true\" class=\"wp-block-spacer\"><\/div>\n\n\n\n<div class=\"wp-block-buttons is-content-justification-center is-layout-flex wp-container-core-buttons-is-layout-16018d1d wp-block-buttons-is-layout-flex\">\n<div class=\"wp-block-button has-custom-font-size is-style-fill\" style=\"font-size:20px\"><a class=\"wp-block-button__link has-background wp-element-button\" href=\"http:\/\/seja-ead.com.br\/index.php\/matricula\/\" style=\"background:linear-gradient(176deg,rgb(255,71,0) 54%,rgb(170,24,24) 100%)\"><strong>Matr\u00edcule-se agora!<\/strong><\/a><\/div>\n<\/div>\n","protected":false},"excerpt":{"rendered":"<p>Cursos Preparat\u00f3rios para Concursos P\u00fablicos ou Prova do ENNCEJA&nbsp; Pensando em seu futuro com estabilidade de emprego, ou deseja concluir seus estudos por meio de uma prova \u00fanica . . . N\u00f3s do SEJA-EAD temos a solu\u00e7\u00e3o. Ofertamos cursos preparat\u00e9rio para concursos p\u00fablicos, e de acordo com cada edital proposto pelo governo estaudal e\/ou federal, [&hellip;]<\/p>\n","protected":false},"author":1,"featured_media":0,"parent":0,"menu_order":0,"comment_status":"closed","ping_status":"closed","template":"","meta":{"footnotes":""},"class_list":["post-309","page","type-page","status-publish","hentry"],"_links":{"self":[{"href":"https:\/\/seja-ead.com.br\/index.php\/wp-json\/wp\/v2\/pages\/309","targetHints":{"allow":["GET"]}}],"collection":[{"href":"https:\/\/seja-ead.com.br\/index.php\/wp-json\/wp\/v2\/pages"}],"about":[{"href":"https:\/\/seja-ead.com.br\/index.php\/wp-json\/wp\/v2\/types\/page"}],"author":[{"embeddable":true,"href":"https:\/\/seja-ead.com.br\/index.php\/wp-json\/wp\/v2\/users\/1"}],"replies":[{"embeddable":true,"href":"https:\/\/seja-ead.com.br\/index.php\/wp-json\/wp\/v2\/comments?post=309"}],"version-history":[{"count":18,"href":"https:\/\/seja-ead.com.br\/index.php\/wp-json\/wp\/v2\/pages\/309\/revisions"}],"predecessor-version":[{"id":686,"href":"https:\/\/seja-ead.com.br\/index.php\/wp-json\/wp\/v2\/pages\/309\/revisions\/686"}],"wp:attachment":[{"href":"https:\/\/seja-ead.com.br\/index.php\/wp-json\/wp\/v2\/media?parent=309"}],"curies":[{"name":"wp","href":"https:\/\/api.w.org\/{rel}","templated":true}]}}