{"id":334,"date":"2025-04-07T21:24:23","date_gmt":"2025-04-08T00:24:23","guid":{"rendered":"https:\/\/seja-ead.com.br\/?page_id=334"},"modified":"2025-04-10T11:00:14","modified_gmt":"2025-04-10T14:00:14","slug":"provas-recuperacao","status":"publish","type":"page","link":"https:\/\/seja-ead.com.br\/index.php\/provas-recuperacao\/","title":{"rendered":"Provas Recupera\u00e7\u00e3o"},"content":{"rendered":"\n<h4 class=\"wp-block-heading has-text-align-center\"><strong>Ter uma qualifica\u00e7\u00e3o profissional faz toda diferen\u00e7a nos dias de hoje&nbsp;. . .<\/strong><\/h4>\n\n\n\n<div style=\"height:15px\" aria-hidden=\"true\" class=\"wp-block-spacer\"><\/div>\n\n\n\n<hr class=\"wp-block-separator has-alpha-channel-opacity\"\/>\n\n\n\n<div style=\"height:15px\" aria-hidden=\"true\" class=\"wp-block-spacer\"><\/div>\n\n\n\n<h5 class=\"wp-block-heading has-text-align-center\" style=\"font-size:17px\">Nossos CERTIFICADOS s\u00e3o v\u00e1lidos como Hora Atividade &#8211; Extra Curricular, sendo aceito e reconhecido pelas empresas, universidades e profissionais da \u00e1rea.<\/h5>\n\n\n\n<div style=\"height:15px\" aria-hidden=\"true\" class=\"wp-block-spacer\"><\/div>\n\n\n\n<hr class=\"wp-block-separator has-alpha-channel-opacity\"\/>\n\n\n\n<div style=\"height:100px\" aria-hidden=\"true\" class=\"wp-block-spacer\"><\/div>\n\n\n\n<div class=\"wp-block-media-text is-stacked-on-mobile\" style=\"grid-template-columns:37% auto\"><figure class=\"wp-block-media-text__media\"><img decoding=\"async\" src=\"https:\/\/www.office3d.com.br\/wp-content\/uploads\/2025\/03\/archicad-1-1024x555.jpeg\" alt=\"\" class=\"wp-image-3528 size-full\"\/><\/figure><div class=\"wp-block-media-text__content\">\n<p class=\"has-white-color has-text-color has-background has-link-color wp-elements-7a91d717f2a7b07e14766cd99e5c087c\" style=\"background-color:#ff4700;font-size:18px\">O ARCHICAD \u00e9 um programa de arquitetura com uso de tecnologia BIM (Building Information Modeling). O conceito do BIM \u00e9 baseado no uso de modelagem 3D com informa\u00e7\u00f5es da constru\u00e7\u00e3o, que geram desenhos autom\u00e1ticos de plantas, cortes, fachadas e detalhamentos a partir da leitura bidimensional do modelo. Com ferramentas avan\u00e7adas de modelagem param\u00e9trica, o Archicad facilita a cria\u00e7\u00e3o de plantas, cortes, fachadas e renderiza\u00e7\u00f5es, otimizando o fluxo de trabalho de arquitetos e engenheiros. <\/p>\n<\/div><\/div>\n\n\n\n<div style=\"height:100px\" aria-hidden=\"true\" class=\"wp-block-spacer\"><\/div>\n\n\n\n<div style=\"height:15px\" aria-hidden=\"true\" class=\"wp-block-spacer\"><\/div>\n\n\n\n<hr class=\"wp-block-separator has-alpha-channel-opacity\"\/>\n\n\n\n<div style=\"height:15px\" aria-hidden=\"true\" class=\"wp-block-spacer\"><\/div>\n\n\n\n<h4 class=\"wp-block-heading has-text-align-center has-medium-font-size\">NOSSO DIFERENCIAL &#8211; FAZEMOS PARTE DA COMUNIDADE AUTODESK<\/h4>\n\n\n\n<div style=\"height:15px\" aria-hidden=\"true\" class=\"wp-block-spacer\"><\/div>\n\n\n\n<p class=\"has-text-align-center has-black-color has-text-color has-link-color wp-elements-c2cee4836d9afad2c9d2b254c3007ddb\" style=\"font-size:17px\"><strong>Ao estudar na OFFICE 3D voc\u00ea ter\u00e1 acesso aos softwares da AUTODESK por at\u00e9 12 (doze) meses sem nenhum custo e sem pirataria!!!<\/strong><\/p>\n\n\n\n<div style=\"height:15px\" aria-hidden=\"true\" class=\"wp-block-spacer\"><\/div>\n\n\n\n<hr class=\"wp-block-separator has-alpha-channel-opacity\"\/>\n\n\n\n<div style=\"height:25px\" aria-hidden=\"true\" class=\"wp-block-spacer\"><\/div>\n\n\n\n<h4 class=\"wp-block-heading has-text-align-center has-medium-font-size\">LABORAT\u00d3RIO DE \u00daLTIMA GERA\u00c7\u00c3O<\/h4>\n\n\n\n<div style=\"height:15px\" aria-hidden=\"true\" class=\"wp-block-spacer\"><\/div>\n\n\n\n<p class=\"has-text-align-center has-black-color has-text-color has-link-color wp-elements-90239285829809b852b1cb9b38ff25f5\" style=\"font-size:17px\"><strong>Nossos alunos disp\u00f5em de modernos e avan\u00e7ados equipamentos em seus treinamentos, tais como:<\/strong><\/p>\n\n\n\n<p class=\"has-text-align-center has-black-color has-text-color has-link-color wp-elements-928f54a43cacc17eac7eaccf6764d2ce\" style=\"font-size:17px\"><strong>Notebook Gamer de Alta Performance \/ Notebook com tela Touchscreen<br>Impressoras 3D  de Filamentos ou de Resina (laser)<br>M\u00e1quinas de Corte e Grava\u00e7\u00e3o a Laser (maquete f\u00edsica)<br>Plotter A1 &#8211; Projeto ou Imagem \/ Colorido ou Monocrom\u00e1tico<\/strong><\/p>\n\n\n\n<div style=\"height:15px\" aria-hidden=\"true\" class=\"wp-block-spacer\"><\/div>\n\n\n\n<hr class=\"wp-block-separator has-alpha-channel-opacity\"\/>\n\n\n\n<div style=\"height:25px\" aria-hidden=\"true\" class=\"wp-block-spacer\"><\/div>\n\n\n\n<h4 class=\"wp-block-heading has-text-align-center has-medium-font-size\">TENHA ACESSO A IMPRESS\u00c3O 3D E MAQUETE F\u00cdSICA<\/h4>\n\n\n\n<p class=\"has-text-align-center has-black-color has-text-color has-link-color wp-elements-4ea27791ab9586affbb63ed74c470be4\" style=\"font-size:17px\"><strong>Uso de impress\u00e3o 3D &#8211; Filamento e Resina<br>Nossos alunos ter\u00e3o Workshop demonstrativo sobre<br>Impress\u00e3o 3D e Corte \/ Grava\u00e7\u00e3o a Laser<\/strong><\/p>\n\n\n\n<div style=\"height:15px\" aria-hidden=\"true\" class=\"wp-block-spacer\"><\/div>\n\n\n\n<hr class=\"wp-block-separator has-alpha-channel-opacity\"\/>\n\n\n\n<div style=\"height:25px\" aria-hidden=\"true\" class=\"wp-block-spacer\"><\/div>\n\n\n\n<h4 class=\"wp-block-heading has-text-align-center has-medium-font-size\">Tempo de Desenvolvimento \/ Carga Hor\u00e1ria: 40 Horas<\/h4>\n\n\n\n<div style=\"height:15px\" aria-hidden=\"true\" class=\"wp-block-spacer\"><\/div>\n\n\n\n<hr class=\"wp-block-separator has-alpha-channel-opacity\"\/>\n\n\n\n<div style=\"height:30px\" aria-hidden=\"true\" class=\"wp-block-spacer\"><\/div>\n\n\n\n<h5 class=\"wp-block-heading has-text-align-left has-medium-font-size\">Disciplinas \/ Mat\u00e9rias \u2013 Curso 100% Interativo \u2013 Presencial<\/h5>\n\n\n\n<div style=\"height:30px\" aria-hidden=\"true\" class=\"wp-block-spacer\"><\/div>\n\n\n\n<div class=\"wp-block-group has-background is-nowrap is-layout-flex wp-container-core-group-is-layout-ad2f72ca wp-block-group-is-layout-flex\" style=\"background:linear-gradient(135deg,rgb(255,71,0) 37%,rgba(112,43,16,0.8) 100%)\">\n<p class=\"has-white-color has-text-color has-link-color has-medium-font-size wp-elements-274b4ab0e93356e6bb91b2f86c978671\">01 \u2013 Conceitos B\u00e1sicos, Ambiente de Trabalho e Ferramentas <\/p>\n<\/div>\n\n\n\n<div style=\"height:10px\" aria-hidden=\"true\" class=\"wp-block-spacer\"><\/div>\n\n\n\n<div class=\"wp-block-group has-background is-nowrap is-layout-flex wp-container-core-group-is-layout-ad2f72ca wp-block-group-is-layout-flex\" style=\"background:linear-gradient(135deg,rgb(255,71,0) 37%,rgba(112,43,16,0.8) 100%)\">\n<p class=\"has-white-color has-text-color has-link-color has-medium-font-size wp-elements-ece33b300e71ba38c606d86facb32291\">02 \u2013 Iniciando o Projeto<\/p>\n<\/div>\n\n\n\n<div style=\"height:10px\" aria-hidden=\"true\" class=\"wp-block-spacer\"><\/div>\n\n\n\n<div class=\"wp-block-group has-background is-nowrap is-layout-flex wp-container-core-group-is-layout-ad2f72ca wp-block-group-is-layout-flex\" style=\"background:linear-gradient(135deg,rgb(255,71,0) 37%,rgba(112,43,16,0.8) 100%)\">\n<p class=\"has-white-color has-text-color has-link-color has-medium-font-size wp-elements-22e7bea2c041f4aeb993f6d6ee8ec321\">03 \u2013 Estruturas, Escadas e Rampas<\/p>\n<\/div>\n\n\n\n<div style=\"height:10px\" aria-hidden=\"true\" class=\"wp-block-spacer\"><\/div>\n\n\n\n<div class=\"wp-block-group has-background is-nowrap is-layout-flex wp-container-core-group-is-layout-ad2f72ca wp-block-group-is-layout-flex\" style=\"background:linear-gradient(135deg,rgb(255,71,0) 37%,rgba(112,43,16,0.8) 100%)\">\n<p class=\"has-white-color has-text-color has-link-color has-medium-font-size wp-elements-68a9c2d2a532d95ebbde998a6141b85d\">04 \u2013 Portas e Janelas, Cortes 3D<\/p>\n<\/div>\n\n\n\n<div style=\"height:10px\" aria-hidden=\"true\" class=\"wp-block-spacer\"><\/div>\n\n\n\n<div class=\"wp-block-group has-background is-nowrap is-layout-flex wp-container-core-group-is-layout-ad2f72ca wp-block-group-is-layout-flex\" style=\"background:linear-gradient(135deg,rgb(255,71,0) 37%,rgba(112,43,16,0.8) 100%)\">\n<p class=\"has-white-color has-text-color has-link-color has-medium-font-size wp-elements-fdb31319b80d51f4d57be1895433f080\">05 \u2013 Bibliotecas, Equipamentos de Banheiro e Cozinha<\/p>\n<\/div>\n\n\n\n<div style=\"height:10px\" aria-hidden=\"true\" class=\"wp-block-spacer\"><\/div>\n\n\n\n<div class=\"wp-block-group has-background is-nowrap is-layout-flex wp-container-core-group-is-layout-ad2f72ca wp-block-group-is-layout-flex\" style=\"background:linear-gradient(135deg,rgb(255,71,0) 37%,rgba(112,43,16,0.8) 100%)\">\n<p class=\"has-white-color has-text-color has-link-color has-medium-font-size wp-elements-d3a05486045ed72d24e40640e747be72\">06 \u2013 Textos e Cotas<\/p>\n<\/div>\n\n\n\n<div style=\"height:10px\" aria-hidden=\"true\" class=\"wp-block-spacer\"><\/div>\n\n\n\n<div class=\"wp-block-group has-background is-nowrap is-layout-flex wp-container-core-group-is-layout-ad2f72ca wp-block-group-is-layout-flex\" style=\"background:linear-gradient(135deg,rgb(255,71,0) 37%,rgba(112,43,16,0.8) 100%)\">\n<p class=\"has-white-color has-text-color has-link-color has-medium-font-size wp-elements-3c7643f0fa4598931d4c944fccf502c0\">07 \u2013 Eleva\u00e7\u00f5es de Interiores<\/p>\n<\/div>\n\n\n\n<div style=\"height:10px\" aria-hidden=\"true\" class=\"wp-block-spacer\"><\/div>\n\n\n\n<div class=\"wp-block-group has-background is-nowrap is-layout-flex wp-container-core-group-is-layout-ad2f72ca wp-block-group-is-layout-flex\" style=\"background:linear-gradient(135deg,rgb(255,71,0) 37%,rgba(112,43,16,0.8) 100%)\">\n<p class=\"has-white-color has-text-color has-link-color has-medium-font-size wp-elements-59fdb3dc3c258dc00a60d4e96e2c8984\">08 \u2013 Documento 3D, Rendering e Estudo Solar<\/p>\n<\/div>\n\n\n\n<div style=\"height:70px\" aria-hidden=\"true\" class=\"wp-block-spacer\"><\/div>\n\n\n\n<div class=\"wp-block-buttons is-content-justification-center is-layout-flex wp-container-core-buttons-is-layout-16018d1d wp-block-buttons-is-layout-flex\">\n<div class=\"wp-block-button has-custom-font-size is-style-fill\" style=\"font-size:20px\"><a class=\"wp-block-button__link has-background wp-element-button\" href=\"http:\/\/seja-ead.com.br\/index.php\/matricula\/\" style=\"background:linear-gradient(176deg,rgb(255,71,0) 54%,rgb(170,24,24) 100%)\"><strong>Matr\u00edcule-se agora!<\/strong><\/a><\/div>\n<\/div>\n\n\n\n<p><\/p>\n","protected":false},"excerpt":{"rendered":"<p>Ter uma qualifica\u00e7\u00e3o profissional faz toda diferen\u00e7a nos dias de hoje&nbsp;. . . Nossos CERTIFICADOS s\u00e3o v\u00e1lidos como Hora Atividade &#8211; Extra Curricular, sendo aceito e reconhecido pelas empresas, universidades e profissionais da \u00e1rea. O ARCHICAD \u00e9 um programa de arquitetura com uso de tecnologia BIM (Building Information Modeling). O conceito do BIM \u00e9 baseado [&hellip;]<\/p>\n","protected":false},"author":1,"featured_media":0,"parent":0,"menu_order":0,"comment_status":"closed","ping_status":"closed","template":"","meta":{"footnotes":""},"class_list":["post-334","page","type-page","status-publish","hentry"],"_links":{"self":[{"href":"https:\/\/seja-ead.com.br\/index.php\/wp-json\/wp\/v2\/pages\/334","targetHints":{"allow":["GET"]}}],"collection":[{"href":"https:\/\/seja-ead.com.br\/index.php\/wp-json\/wp\/v2\/pages"}],"about":[{"href":"https:\/\/seja-ead.com.br\/index.php\/wp-json\/wp\/v2\/types\/page"}],"author":[{"embeddable":true,"href":"https:\/\/seja-ead.com.br\/index.php\/wp-json\/wp\/v2\/users\/1"}],"replies":[{"embeddable":true,"href":"https:\/\/seja-ead.com.br\/index.php\/wp-json\/wp\/v2\/comments?post=334"}],"version-history":[{"count":3,"href":"https:\/\/seja-ead.com.br\/index.php\/wp-json\/wp\/v2\/pages\/334\/revisions"}],"predecessor-version":[{"id":649,"href":"https:\/\/seja-ead.com.br\/index.php\/wp-json\/wp\/v2\/pages\/334\/revisions\/649"}],"wp:attachment":[{"href":"https:\/\/seja-ead.com.br\/index.php\/wp-json\/wp\/v2\/media?parent=334"}],"curies":[{"name":"wp","href":"https:\/\/api.w.org\/{rel}","templated":true}]}}