{"id":966,"date":"2025-04-15T11:27:56","date_gmt":"2025-04-15T14:27:56","guid":{"rendered":"https:\/\/seja-ead.com.br\/?page_id=966"},"modified":"2025-04-15T11:56:07","modified_gmt":"2025-04-15T14:56:07","slug":"ensino-fundamental-ll-8o-ano","status":"publish","type":"page","link":"https:\/\/seja-ead.com.br\/index.php\/ensino-fundamental-ll-8o-ano\/","title":{"rendered":"Ensino Fundamental ll &#8211; 8\u00ba Ano"},"content":{"rendered":"\n<div style=\"height:15px\" aria-hidden=\"true\" class=\"wp-block-spacer\"><\/div>\n\n\n\n<hr class=\"wp-block-separator has-alpha-channel-opacity\"\/>\n\n\n\n<div style=\"height:15px\" aria-hidden=\"true\" class=\"wp-block-spacer\"><\/div>\n\n\n\n<h4 class=\"wp-block-heading has-text-align-center\">Linguagens C\u00f3digos e suas Tecnologias e Reda\u00e7\u00e3o<\/h4>\n\n\n\n<div style=\"height:15px\" aria-hidden=\"true\" class=\"wp-block-spacer\"><\/div>\n\n\n\n<hr class=\"wp-block-separator has-alpha-channel-opacity\"\/>\n\n\n\n<div style=\"height:70px\" aria-hidden=\"true\" class=\"wp-block-spacer\"><\/div>\n\n\n\n<div class=\"wp-block-group is-content-justification-left is-nowrap is-layout-flex wp-container-core-group-is-layout-f56a869c wp-block-group-is-layout-flex\">\n<figure class=\"wp-block-image size-full is-resized\"><a href=\"https:\/\/sejae5g.com.br\/aulas\/course\/index.php?categoryid=247\"><img loading=\"lazy\" decoding=\"async\" width=\"320\" height=\"230\" src=\"https:\/\/seja-ead.com.br\/wp-content\/uploads\/2025\/04\/1a-lingua-portuguesa-5-2.jpg\" alt=\"\" class=\"wp-image-941\" style=\"width:250px\" srcset=\"https:\/\/seja-ead.com.br\/wp-content\/uploads\/2025\/04\/1a-lingua-portuguesa-5-2.jpg 320w, https:\/\/seja-ead.com.br\/wp-content\/uploads\/2025\/04\/1a-lingua-portuguesa-5-2-300x216.jpg 300w\" sizes=\"auto, (max-width: 320px) 100vw, 320px\" \/><\/a><\/figure>\n\n\n\n<div style=\"height:15px;width:0px\" aria-hidden=\"true\" class=\"wp-block-spacer wp-container-content-16d1eb73\"><\/div>\n\n\n\n<div style=\"height:15px;width:0px\" aria-hidden=\"true\" class=\"wp-block-spacer wp-container-content-c0740251\"><\/div>\n\n\n\n<figure class=\"wp-block-image size-full is-resized\"><a href=\"https:\/\/sejae5g.com.br\/aulas\/course\/index.php?categoryid=248\"><img loading=\"lazy\" decoding=\"async\" width=\"320\" height=\"230\" src=\"https:\/\/seja-ead.com.br\/wp-content\/uploads\/2025\/04\/lingua_inglesa-2.jpg\" alt=\"\" class=\"wp-image-942\" style=\"width:250px\" srcset=\"https:\/\/seja-ead.com.br\/wp-content\/uploads\/2025\/04\/lingua_inglesa-2.jpg 320w, https:\/\/seja-ead.com.br\/wp-content\/uploads\/2025\/04\/lingua_inglesa-2-300x216.jpg 300w\" sizes=\"auto, (max-width: 320px) 100vw, 320px\" \/><\/a><\/figure>\n\n\n\n<div style=\"height:15px;width:0px\" aria-hidden=\"true\" class=\"wp-block-spacer wp-container-content-c0740251\"><\/div>\n\n\n\n<figure class=\"wp-block-image size-full is-resized\"><a href=\"https:\/\/sejae5g.com.br\/aulas\/course\/index.php?categoryid=249\"><img loading=\"lazy\" decoding=\"async\" width=\"320\" height=\"230\" src=\"https:\/\/seja-ead.com.br\/wp-content\/uploads\/2025\/04\/ed_fisica-2.jpg\" alt=\"\" class=\"wp-image-943\" style=\"width:250px\" srcset=\"https:\/\/seja-ead.com.br\/wp-content\/uploads\/2025\/04\/ed_fisica-2.jpg 320w, https:\/\/seja-ead.com.br\/wp-content\/uploads\/2025\/04\/ed_fisica-2-300x216.jpg 300w\" sizes=\"auto, (max-width: 320px) 100vw, 320px\" \/><\/a><\/figure>\n\n\n\n<div style=\"height:15px;width:0px\" aria-hidden=\"true\" class=\"wp-block-spacer wp-container-content-c0740251\"><\/div>\n\n\n\n<div style=\"height:10px;width:0px\" aria-hidden=\"true\" class=\"wp-block-spacer wp-container-content-273e683f\"><\/div>\n\n\n\n<figure class=\"wp-block-image size-full is-resized\"><a href=\"https:\/\/sejae5g.com.br\/aulas\/course\/index.php?categoryid=250\"><img loading=\"lazy\" decoding=\"async\" width=\"320\" height=\"230\" src=\"https:\/\/seja-ead.com.br\/wp-content\/uploads\/2025\/04\/arte-1.jpg\" alt=\"\" class=\"wp-image-944\" style=\"width:250px\" srcset=\"https:\/\/seja-ead.com.br\/wp-content\/uploads\/2025\/04\/arte-1.jpg 320w, https:\/\/seja-ead.com.br\/wp-content\/uploads\/2025\/04\/arte-1-300x216.jpg 300w\" sizes=\"auto, (max-width: 320px) 100vw, 320px\" \/><\/a><\/figure>\n<\/div>\n\n\n\n<div style=\"height:70px\" aria-hidden=\"true\" class=\"wp-block-spacer\"><\/div>\n\n\n\n<hr class=\"wp-block-separator has-alpha-channel-opacity\"\/>\n\n\n\n<div style=\"height:15px\" aria-hidden=\"true\" class=\"wp-block-spacer\"><\/div>\n\n\n\n<h4 class=\"wp-block-heading has-text-align-center\">Matem\u00e1tica e suas Tecnologias<\/h4>\n\n\n\n<div style=\"height:15px\" aria-hidden=\"true\" class=\"wp-block-spacer\"><\/div>\n\n\n\n<hr class=\"wp-block-separator has-alpha-channel-opacity\"\/>\n\n\n\n<div style=\"height:70px\" aria-hidden=\"true\" class=\"wp-block-spacer\"><\/div>\n\n\n\n<div class=\"wp-block-group is-content-justification-left is-nowrap is-layout-flex wp-container-core-group-is-layout-f56a869c wp-block-group-is-layout-flex\">\n<div style=\"height:100px;width:0px\" aria-hidden=\"true\" class=\"wp-block-spacer wp-container-content-9220df54\"><\/div>\n\n\n\n<div style=\"height:15px;width:0px\" aria-hidden=\"true\" class=\"wp-block-spacer wp-container-content-16d1eb73\"><\/div>\n\n\n\n<figure class=\"wp-block-image size-full is-resized\"><a href=\"https:\/\/sejae5g.com.br\/aulas\/course\/index.php?categoryid=252\"><img loading=\"lazy\" decoding=\"async\" width=\"300\" height=\"216\" src=\"https:\/\/seja-ead.com.br\/wp-content\/uploads\/2025\/04\/1a-matematica-300x216-1.jpg\" alt=\"\" class=\"wp-image-706\" style=\"width:250px\"\/><\/a><\/figure>\n\n\n\n<div style=\"height:15px;width:0px\" aria-hidden=\"true\" class=\"wp-block-spacer wp-container-content-16d1eb73\"><\/div>\n\n\n\n<div style=\"height:100px;width:0px\" aria-hidden=\"true\" class=\"wp-block-spacer wp-container-content-9760934e\"><\/div>\n<\/div>\n\n\n\n<div style=\"height:70px\" aria-hidden=\"true\" class=\"wp-block-spacer\"><\/div>\n\n\n\n<hr class=\"wp-block-separator has-alpha-channel-opacity\"\/>\n\n\n\n<div style=\"height:15px\" aria-hidden=\"true\" class=\"wp-block-spacer\"><\/div>\n\n\n\n<h4 class=\"wp-block-heading has-text-align-center\">Ci\u00eancias Humanas e suas Tecnologias<\/h4>\n\n\n\n<div style=\"height:15px\" aria-hidden=\"true\" class=\"wp-block-spacer\"><\/div>\n\n\n\n<hr class=\"wp-block-separator has-alpha-channel-opacity\"\/>\n\n\n\n<div style=\"height:70px\" aria-hidden=\"true\" class=\"wp-block-spacer\"><\/div>\n\n\n\n<div class=\"wp-block-group is-content-justification-center is-nowrap is-layout-flex wp-container-core-group-is-layout-94bc23d7 wp-block-group-is-layout-flex\">\n<figure class=\"wp-block-image size-full is-resized\"><a href=\"https:\/\/sejae5g.com.br\/aulas\/course\/index.php?categoryid=256\"><img loading=\"lazy\" decoding=\"async\" width=\"300\" height=\"216\" src=\"https:\/\/seja-ead.com.br\/wp-content\/uploads\/2025\/04\/1a-historia-300x216-1.jpg\" alt=\"\" class=\"wp-image-716\" style=\"width:250px\"\/><\/a><\/figure>\n\n\n\n<div style=\"height:15px;width:0px\" aria-hidden=\"true\" class=\"wp-block-spacer wp-container-content-c0740251\"><\/div>\n\n\n\n<figure class=\"wp-block-image size-full is-resized\"><a href=\"https:\/\/sejae5g.com.br\/aulas\/course\/index.php?categoryid=257\"><img loading=\"lazy\" decoding=\"async\" width=\"300\" height=\"216\" src=\"https:\/\/seja-ead.com.br\/wp-content\/uploads\/2025\/04\/1a-geografia-300x216-1.jpg\" alt=\"\" class=\"wp-image-717\" style=\"width:250px\"\/><\/a><\/figure>\n<\/div>\n\n\n\n<div style=\"height:70px\" aria-hidden=\"true\" class=\"wp-block-spacer\"><\/div>\n\n\n\n<hr class=\"wp-block-separator has-alpha-channel-opacity\"\/>\n\n\n\n<div style=\"height:15px\" aria-hidden=\"true\" class=\"wp-block-spacer\"><\/div>\n\n\n\n<h4 class=\"wp-block-heading has-text-align-center\">Ci\u00eancias da Natureza e suas Tecnologias<\/h4>\n\n\n\n<div style=\"height:15px\" aria-hidden=\"true\" class=\"wp-block-spacer\"><\/div>\n\n\n\n<hr class=\"wp-block-separator has-alpha-channel-opacity\"\/>\n\n\n\n<div style=\"height:70px\" aria-hidden=\"true\" class=\"wp-block-spacer\"><\/div>\n\n\n\n<div class=\"wp-block-group is-content-justification-left is-nowrap is-layout-flex wp-container-core-group-is-layout-f56a869c wp-block-group-is-layout-flex\">\n<div style=\"height:100px;width:0px\" aria-hidden=\"true\" class=\"wp-block-spacer wp-container-content-9220df54\"><\/div>\n\n\n\n<div style=\"height:15px;width:0px\" aria-hidden=\"true\" class=\"wp-block-spacer wp-container-content-16d1eb73\"><\/div>\n\n\n\n<figure class=\"wp-block-image size-full is-resized\"><a href=\"https:\/\/sejae5g.com.br\/aulas\/course\/index.php?categoryid=254\"><img loading=\"lazy\" decoding=\"async\" width=\"320\" height=\"230\" src=\"https:\/\/seja-ead.com.br\/wp-content\/uploads\/2025\/04\/CIENCIAS.jpg\" alt=\"\" class=\"wp-image-950\" style=\"width:250px\" srcset=\"https:\/\/seja-ead.com.br\/wp-content\/uploads\/2025\/04\/CIENCIAS.jpg 320w, https:\/\/seja-ead.com.br\/wp-content\/uploads\/2025\/04\/CIENCIAS-300x216.jpg 300w\" sizes=\"auto, (max-width: 320px) 100vw, 320px\" \/><\/a><\/figure>\n\n\n\n<div style=\"height:15px;width:0px\" aria-hidden=\"true\" class=\"wp-block-spacer wp-container-content-16d1eb73\"><\/div>\n\n\n\n<div style=\"height:100px;width:0px\" aria-hidden=\"true\" class=\"wp-block-spacer wp-container-content-9760934e\"><\/div>\n<\/div>\n\n\n\n<div style=\"height:70px\" aria-hidden=\"true\" class=\"wp-block-spacer\"><\/div>\n\n\n\n<hr class=\"wp-block-separator has-alpha-channel-opacity\"\/>\n\n\n\n<div style=\"height:15px\" aria-hidden=\"true\" class=\"wp-block-spacer\"><\/div>\n\n\n\n<div class=\"wp-block-group is-nowrap is-layout-flex wp-container-core-group-is-layout-ad2f72ca wp-block-group-is-layout-flex\">\n<div style=\"height:100px;width:0px\" aria-hidden=\"true\" class=\"wp-block-spacer wp-container-content-1387b69e\"><\/div>\n\n\n\n<figure class=\"wp-block-image size-full is-resized\"><a href=\"https:\/\/seja-ead.com.br\/index.php\/ens-fundamental-6o-ano\/\"><img loading=\"lazy\" decoding=\"async\" width=\"288\" height=\"288\" src=\"https:\/\/seja-ead.com.br\/wp-content\/uploads\/2025\/04\/6-f-3-4.png\" alt=\"\" class=\"wp-image-906\" style=\"width:200px\" srcset=\"https:\/\/seja-ead.com.br\/wp-content\/uploads\/2025\/04\/6-f-3-4.png 288w, https:\/\/seja-ead.com.br\/wp-content\/uploads\/2025\/04\/6-f-3-4-150x150.png 150w\" sizes=\"auto, (max-width: 288px) 100vw, 288px\" \/><\/a><\/figure>\n\n\n\n<div style=\"height:70px;width:0px\" aria-hidden=\"true\" class=\"wp-block-spacer wp-container-content-c0740251\"><\/div>\n\n\n\n<figure class=\"wp-block-image size-full is-resized\"><a href=\"https:\/\/seja-ead.com.br\/index.php\/ens-fundamental-7o-ano\/\"><img loading=\"lazy\" decoding=\"async\" width=\"288\" height=\"288\" src=\"https:\/\/seja-ead.com.br\/wp-content\/uploads\/2025\/04\/7-f-2-3.png\" alt=\"\" class=\"wp-image-907\" style=\"width:200px\" srcset=\"https:\/\/seja-ead.com.br\/wp-content\/uploads\/2025\/04\/7-f-2-3.png 288w, https:\/\/seja-ead.com.br\/wp-content\/uploads\/2025\/04\/7-f-2-3-150x150.png 150w\" sizes=\"auto, (max-width: 288px) 100vw, 288px\" \/><\/a><\/figure>\n\n\n\n<div style=\"height:70px;width:0px\" aria-hidden=\"true\" class=\"wp-block-spacer wp-container-content-c0740251\"><\/div>\n\n\n\n<figure class=\"wp-block-image size-full is-resized\"><a href=\"https:\/\/seja-ead.com.br\/index.php\/ensino-fundamental-ll-8o-ano\/\"><img loading=\"lazy\" decoding=\"async\" width=\"288\" height=\"288\" src=\"https:\/\/seja-ead.com.br\/wp-content\/uploads\/2025\/04\/8-f-2-4.png\" alt=\"\" class=\"wp-image-908\" style=\"width:200px\" srcset=\"https:\/\/seja-ead.com.br\/wp-content\/uploads\/2025\/04\/8-f-2-4.png 288w, https:\/\/seja-ead.com.br\/wp-content\/uploads\/2025\/04\/8-f-2-4-150x150.png 150w\" sizes=\"auto, (max-width: 288px) 100vw, 288px\" \/><\/a><\/figure>\n\n\n\n<figure class=\"wp-block-image size-full is-resized\"><a href=\"https:\/\/seja-ead.com.br\/index.php\/ensino-fundamental-ll-9o-ano\/\"><img loading=\"lazy\" decoding=\"async\" width=\"288\" height=\"288\" src=\"https:\/\/seja-ead.com.br\/wp-content\/uploads\/2025\/04\/9-f-1-3.png\" alt=\"\" class=\"wp-image-909\" style=\"width:200px\" srcset=\"https:\/\/seja-ead.com.br\/wp-content\/uploads\/2025\/04\/9-f-1-3.png 288w, https:\/\/seja-ead.com.br\/wp-content\/uploads\/2025\/04\/9-f-1-3-150x150.png 150w\" sizes=\"auto, (max-width: 288px) 100vw, 288px\" \/><\/a><\/figure>\n\n\n\n<div style=\"height:100px;width:0px\" aria-hidden=\"true\" class=\"wp-block-spacer wp-container-content-273e683f\"><\/div>\n\n\n\n<div style=\"height:100px;width:0px\" aria-hidden=\"true\" class=\"wp-block-spacer wp-container-content-9760934e\"><\/div>\n<\/div>\n\n\n\n<p><\/p>\n","protected":false},"excerpt":{"rendered":"<p>Linguagens C\u00f3digos e suas Tecnologias e Reda\u00e7\u00e3o Matem\u00e1tica e suas Tecnologias Ci\u00eancias Humanas e suas Tecnologias Ci\u00eancias da Natureza e suas Tecnologias<\/p>\n","protected":false},"author":1,"featured_media":0,"parent":0,"menu_order":0,"comment_status":"closed","ping_status":"closed","template":"","meta":{"footnotes":""},"class_list":["post-966","page","type-page","status-publish","hentry"],"_links":{"self":[{"href":"https:\/\/seja-ead.com.br\/index.php\/wp-json\/wp\/v2\/pages\/966","targetHints":{"allow":["GET"]}}],"collection":[{"href":"https:\/\/seja-ead.com.br\/index.php\/wp-json\/wp\/v2\/pages"}],"about":[{"href":"https:\/\/seja-ead.com.br\/index.php\/wp-json\/wp\/v2\/types\/page"}],"author":[{"embeddable":true,"href":"https:\/\/seja-ead.com.br\/index.php\/wp-json\/wp\/v2\/users\/1"}],"replies":[{"embeddable":true,"href":"https:\/\/seja-ead.com.br\/index.php\/wp-json\/wp\/v2\/comments?post=966"}],"version-history":[{"count":6,"href":"https:\/\/seja-ead.com.br\/index.php\/wp-json\/wp\/v2\/pages\/966\/revisions"}],"predecessor-version":[{"id":1005,"href":"https:\/\/seja-ead.com.br\/index.php\/wp-json\/wp\/v2\/pages\/966\/revisions\/1005"}],"wp:attachment":[{"href":"https:\/\/seja-ead.com.br\/index.php\/wp-json\/wp\/v2\/media?parent=966"}],"curies":[{"name":"wp","href":"https:\/\/api.w.org\/{rel}","templated":true}]}}